{"id":45,"date":"2024-05-31T11:33:12","date_gmt":"2024-05-31T11:33:12","guid":{"rendered":"https:\/\/adriacubells.com\/?page_id=45"},"modified":"2025-01-16T11:00:52","modified_gmt":"2025-01-16T11:00:52","slug":"servicios","status":"publish","type":"page","link":"https:\/\/adriacubells.com\/index.php\/servicios\/","title":{"rendered":"Serveis"},"content":{"rendered":"\n<p class=\"has-text-align-center\">Aquesta p\u00e0gina mostra el&nbsp;cat\u00e0leg&nbsp;de serveis, tallers dirigits per a escoles, o classes individuals i grupals, de diferent disciplines&nbsp;art\u00edstiques. Hi ha activitats que&nbsp;s\u00f3n&nbsp;complement\u00e0ries&nbsp;d&#8217;altres.<\/p>\n\n\n\n<div class=\"wp-block-group alignfull is-layout-constrained wp-container-core-group-is-layout-3e5f185d wp-block-group-is-layout-constrained\" style=\"margin-top:0px;margin-bottom:0px;padding-top:var(--wp--preset--spacing--60);padding-right:var(--wp--preset--spacing--40);padding-bottom:var(--wp--preset--spacing--50);padding-left:var(--wp--preset--spacing--40)\">\n<div class=\"wp-block-columns alignwide is-layout-flex wp-container-core-columns-is-layout-08c01c1c wp-block-columns-is-layout-flex\">\n<div class=\"wp-block-column is-layout-flow wp-container-core-column-is-layout-119bc444 wp-block-column-is-layout-flow\">\n<figure class=\"wp-block-image size-full\"><a href=\"https:\/\/adriacubells.com\/index.php\/fabrica-el-teu-propi-instrument\/\"><img fetchpriority=\"high\" decoding=\"async\" width=\"610\" height=\"610\" src=\"https:\/\/adriacubells.com\/wp-content\/uploads\/2024\/05\/Proyecto-nuevo-copia-8-1.jpg\" alt=\"\" class=\"wp-image-166\" srcset=\"https:\/\/adriacubells.com\/wp-content\/uploads\/2024\/05\/Proyecto-nuevo-copia-8-1.jpg 610w, https:\/\/adriacubells.com\/wp-content\/uploads\/2024\/05\/Proyecto-nuevo-copia-8-1-300x300.jpg 300w, https:\/\/adriacubells.com\/wp-content\/uploads\/2024\/05\/Proyecto-nuevo-copia-8-1-150x150.jpg 150w\" sizes=\"(max-width: 610px) 100vw, 610px\" \/><\/a><\/figure>\n\n\n\n<h3 class=\"wp-block-heading\">Fabrica el teu propi instrument<\/h3>\n\n\n\n<p>Viu&nbsp;l&#8217;experi\u00e8ncia de construir el teu propi instrument de&nbsp;percussi\u00f3&nbsp;o corda, amb instruments reciclats<\/p>\n\n\n\n<p class=\"has-text-color has-link-color wp-elements-2f357b6c3452a8f2f61aef57bb472171\" style=\"color:#969696\"><a href=\"https:\/\/adriacubells.com\/index.php\/fabrica-el-teu-propi-instrument\/\" data-type=\"page\" data-id=\"49\">M\u00e9s informaci\u00f3<\/a><\/p>\n<\/div>\n\n\n\n<div class=\"wp-block-column is-layout-flow wp-container-core-column-is-layout-119bc444 wp-block-column-is-layout-flow\">\n<figure class=\"wp-block-image size-full\"><a href=\"https:\/\/adriacubells.com\/index.php\/bany-de-so\/\"><img decoding=\"async\" width=\"610\" height=\"610\" src=\"https:\/\/adriacubells.com\/wp-content\/uploads\/2024\/05\/Proyecto-nuevo-copia-5-1.jpg\" alt=\"\" class=\"wp-image-167\" srcset=\"https:\/\/adriacubells.com\/wp-content\/uploads\/2024\/05\/Proyecto-nuevo-copia-5-1.jpg 610w, https:\/\/adriacubells.com\/wp-content\/uploads\/2024\/05\/Proyecto-nuevo-copia-5-1-300x300.jpg 300w, https:\/\/adriacubells.com\/wp-content\/uploads\/2024\/05\/Proyecto-nuevo-copia-5-1-150x150.jpg 150w\" sizes=\"(max-width: 610px) 100vw, 610px\" \/><\/a><\/figure>\n\n\n\n<h3 class=\"wp-block-heading\">Bany de so en directe<\/h3>\n\n\n\n<p>Un bany sonor \u00e9s una experi\u00e8ncia de relaxaci\u00f3 profunda mitjan\u00e7ant l&#8217;\u00fas de sons i vibracions harmonioses<\/p>\n\n\n\n<p class=\"has-text-color has-link-color wp-elements-22a43f27cf9c2d2a9e0d32e9f103dc43\" style=\"color:#969696\"><a href=\"https:\/\/adriacubells.com\/index.php\/bany-de-so\/\" data-type=\"page\" data-id=\"111\">M\u00e9s informaci\u00f3<\/a><\/p>\n\n\n\n<div class=\"wp-block-group is-content-justification-left is-layout-constrained wp-container-core-group-is-layout-12dd3699 wp-block-group-is-layout-constrained\"><\/div>\n<\/div>\n\n\n\n<div class=\"wp-block-column is-layout-flow wp-container-core-column-is-layout-119bc444 wp-block-column-is-layout-flow\">\n<figure class=\"wp-block-image size-full\"><a href=\"https:\/\/adriacubells.com\/index.php\/pinta-la-musica\/\"><img decoding=\"async\" width=\"610\" height=\"610\" src=\"https:\/\/adriacubells.com\/wp-content\/uploads\/2024\/05\/Proyecto-nuevo-copia-10-1.jpg\" alt=\"\" class=\"wp-image-168\" srcset=\"https:\/\/adriacubells.com\/wp-content\/uploads\/2024\/05\/Proyecto-nuevo-copia-10-1.jpg 610w, https:\/\/adriacubells.com\/wp-content\/uploads\/2024\/05\/Proyecto-nuevo-copia-10-1-300x300.jpg 300w, https:\/\/adriacubells.com\/wp-content\/uploads\/2024\/05\/Proyecto-nuevo-copia-10-1-150x150.jpg 150w\" sizes=\"(max-width: 610px) 100vw, 610px\" \/><\/a><\/figure>\n\n\n\n<h3 class=\"wp-block-heading\">Pinta la m\u00fasica<\/h3>\n\n\n\n<p>Treballant&nbsp;les diferents&nbsp;sinest\u00e8sies, aconseguirem interpretar amb el pinzell la m\u00fasica que sona d&#8217;un piano<\/p>\n\n\n\n<p class=\"has-text-color has-link-color wp-elements-918ac5a03592cb9a5379b1dd8c703e32\" style=\"color:#969696\"><a href=\"https:\/\/adriacubells.com\/index.php\/pinta-la-musica\/\" data-type=\"page\" data-id=\"113\">M\u00e9s informaci\u00f3<\/a><\/p>\n<\/div>\n<\/div>\n<\/div>\n\n\n\n<p><\/p>\n\n\n\n<div class=\"wp-block-group alignfull is-layout-constrained wp-container-core-group-is-layout-6f69edf4 wp-block-group-is-layout-constrained\" style=\"margin-top:0px;margin-bottom:0px;padding-top:0;padding-right:var(--wp--preset--spacing--40);padding-bottom:0;padding-left:var(--wp--preset--spacing--40)\">\n<div class=\"wp-block-columns alignwide is-layout-flex wp-container-core-columns-is-layout-08c01c1c wp-block-columns-is-layout-flex\">\n<div class=\"wp-block-column is-layout-flow wp-container-core-column-is-layout-119bc444 wp-block-column-is-layout-flow\">\n<figure class=\"wp-block-image size-full\"><a href=\"https:\/\/adriacubells.com\/index.php\/classe-de-bateria\/\"><img loading=\"lazy\" decoding=\"async\" width=\"610\" height=\"610\" src=\"https:\/\/adriacubells.com\/wp-content\/uploads\/2024\/05\/Proyecto-nuevo-copia-9.jpg\" alt=\"\" class=\"wp-image-171\" srcset=\"https:\/\/adriacubells.com\/wp-content\/uploads\/2024\/05\/Proyecto-nuevo-copia-9.jpg 610w, https:\/\/adriacubells.com\/wp-content\/uploads\/2024\/05\/Proyecto-nuevo-copia-9-300x300.jpg 300w, https:\/\/adriacubells.com\/wp-content\/uploads\/2024\/05\/Proyecto-nuevo-copia-9-150x150.jpg 150w\" sizes=\"(max-width: 610px) 100vw, 610px\" \/><\/a><\/figure>\n\n\n\n<h3 class=\"wp-block-heading\">Classes de bateria<\/h3>\n\n\n\n<p>Per a tots els nivells i edats. Individual o en parelles<\/p>\n\n\n\n<p class=\"has-text-color has-link-color wp-elements-2fce2a1dd3ed08de3caed6e1274e84bf\" style=\"color:#969696\"><a href=\"https:\/\/adriacubells.com\/index.php\/classe-de-bateria\/\" data-type=\"page\" data-id=\"109\">M\u00e9s informaci\u00f3<\/a><\/p>\n<\/div>\n\n\n\n<div class=\"wp-block-column is-layout-flow wp-container-core-column-is-layout-119bc444 wp-block-column-is-layout-flow\">\n<figure class=\"wp-block-image size-full\"><a href=\"https:\/\/adriacubells.com\/index.php\/classes-de-piano\/\"><img loading=\"lazy\" decoding=\"async\" width=\"610\" height=\"610\" src=\"https:\/\/adriacubells.com\/wp-content\/uploads\/2024\/05\/Proyecto-nuevo-copia-7-2.jpg\" alt=\"\" class=\"wp-image-172\" srcset=\"https:\/\/adriacubells.com\/wp-content\/uploads\/2024\/05\/Proyecto-nuevo-copia-7-2.jpg 610w, https:\/\/adriacubells.com\/wp-content\/uploads\/2024\/05\/Proyecto-nuevo-copia-7-2-300x300.jpg 300w, https:\/\/adriacubells.com\/wp-content\/uploads\/2024\/05\/Proyecto-nuevo-copia-7-2-150x150.jpg 150w\" sizes=\"(max-width: 610px) 100vw, 610px\" \/><\/a><\/figure>\n\n\n\n<h3 class=\"wp-block-heading\">Classes de piano<\/h3>\n\n\n\n<p>Apr\u00e8n o millora a tocar el piano <\/p>\n\n\n\n<p class=\"has-text-color has-link-color wp-elements-462e1893f9582d1b9f72d95d16d00bcb\" style=\"color:#969696\"><a href=\"https:\/\/adriacubells.com\/index.php\/classes-de-piano\/\" data-type=\"page\" data-id=\"109\">M\u00e9s informaci\u00f3<\/a><\/p>\n<\/div>\n\n\n\n<div class=\"wp-block-column is-layout-flow wp-container-core-column-is-layout-119bc444 wp-block-column-is-layout-flow\">\n<figure class=\"wp-block-image size-full\"><a href=\"https:\/\/adriacubells.com\/index.php\/body-percussion\/\"><img loading=\"lazy\" decoding=\"async\" width=\"610\" height=\"610\" src=\"https:\/\/adriacubells.com\/wp-content\/uploads\/2024\/05\/Proyecto-nuevo-copia-3.jpg\" alt=\"\" class=\"wp-image-175\" srcset=\"https:\/\/adriacubells.com\/wp-content\/uploads\/2024\/05\/Proyecto-nuevo-copia-3.jpg 610w, https:\/\/adriacubells.com\/wp-content\/uploads\/2024\/05\/Proyecto-nuevo-copia-3-300x300.jpg 300w, https:\/\/adriacubells.com\/wp-content\/uploads\/2024\/05\/Proyecto-nuevo-copia-3-150x150.jpg 150w\" sizes=\"(max-width: 610px) 100vw, 610px\" \/><\/a><\/figure>\n\n\n\n<h3 class=\"wp-block-heading\">Body percussion<\/h3>\n\n\n\n<p>Taller pensat per a escoles, per educaci\u00f3 prim\u00e0ria<\/p>\n\n\n\n<p class=\"has-text-color has-link-color wp-elements-f4357d1024d4daa058e2eb45deb3d49c\" style=\"color:#969696\"><a href=\"https:\/\/adriacubells.com\/index.php\/body-percussion\/\" data-type=\"page\" data-id=\"109\">M\u00e9s informaci\u00f3<\/a><\/p>\n<\/div>\n<\/div>\n<\/div>\n\n\n\n<div class=\"wp-block-group alignfull is-layout-constrained wp-container-core-group-is-layout-2cd14192 wp-block-group-is-layout-constrained\" style=\"margin-top:0px;margin-bottom:0px;padding-top:var(--wp--preset--spacing--60);padding-right:var(--wp--preset--spacing--40);padding-bottom:0;padding-left:var(--wp--preset--spacing--40)\">\n<div class=\"wp-block-columns alignwide is-layout-flex wp-container-core-columns-is-layout-08c01c1c wp-block-columns-is-layout-flex\">\n<div class=\"wp-block-column is-layout-flow wp-container-core-column-is-layout-119bc444 wp-block-column-is-layout-flow\">\n<figure class=\"wp-block-image size-full\"><a href=\"https:\/\/adriacubells.com\/index.php\/ominira-va-a-lescola\/\"><img loading=\"lazy\" decoding=\"async\" width=\"610\" height=\"610\" src=\"https:\/\/adriacubells.com\/wp-content\/uploads\/2024\/05\/Proyecto-nuevo-copia-12-2.jpg\" alt=\"\" class=\"wp-image-180\" srcset=\"https:\/\/adriacubells.com\/wp-content\/uploads\/2024\/05\/Proyecto-nuevo-copia-12-2.jpg 610w, https:\/\/adriacubells.com\/wp-content\/uploads\/2024\/05\/Proyecto-nuevo-copia-12-2-300x300.jpg 300w, https:\/\/adriacubells.com\/wp-content\/uploads\/2024\/05\/Proyecto-nuevo-copia-12-2-150x150.jpg 150w\" sizes=\"(max-width: 610px) 100vw, 610px\" \/><\/a><\/figure>\n\n\n\n<h3 class=\"wp-block-heading\">Ominira va a l\u2019escola<\/h3>\n\n\n\n<p>Aquest servei \u00e9s ideal per a escoles que busquen integrar l\u2019educaci\u00f3 ambiental a traves de la m\u00fasica<\/p>\n\n\n\n<p class=\"has-text-color has-link-color wp-elements-96d05b663ae3e8ab3dd997964617b78b\" style=\"color:#6b6b6b\"><a href=\"https:\/\/adriacubells.com\/index.php\/ominira-va-a-lescola\/\" data-type=\"page\" data-id=\"105\">M\u00e9s informaci\u00f3<\/a><\/p>\n<\/div>\n\n\n\n<div class=\"wp-block-column is-layout-flow wp-container-core-column-is-layout-119bc444 wp-block-column-is-layout-flow\">\n<figure class=\"wp-block-image size-full\"><img loading=\"lazy\" decoding=\"async\" width=\"610\" height=\"610\" src=\"http:\/\/adriacubells.com\/wp-content\/uploads\/2024\/05\/Proyecto-nuevo-copia-6-1.jpg\" alt=\"\" class=\"wp-image-178\" srcset=\"https:\/\/adriacubells.com\/wp-content\/uploads\/2024\/05\/Proyecto-nuevo-copia-6-1.jpg 610w, https:\/\/adriacubells.com\/wp-content\/uploads\/2024\/05\/Proyecto-nuevo-copia-6-1-300x300.jpg 300w, https:\/\/adriacubells.com\/wp-content\/uploads\/2024\/05\/Proyecto-nuevo-copia-6-1-150x150.jpg 150w\" sizes=\"(max-width: 610px) 100vw, 610px\" \/><\/figure>\n\n\n\n<h3 class=\"wp-block-heading\">Combo musical<\/h3>\n\n\n\n<p>Aprendrem a tocar el baix, guitarra, bateria, teclat i veu, per formar un grup de m\u00fasica. Activitat grupal.<\/p>\n\n\n\n<p class=\"has-text-color has-link-color wp-elements-4d5b9dce77389eaccef9d7ec345958f3\" style=\"color:#6b6b6b\"><a href=\"https:\/\/adriacubells.com\/index.php\/combo-musical\/\" data-type=\"page\" data-id=\"105\">M\u00e9s informaci\u00f3<\/a><\/p>\n<\/div>\n\n\n\n<div class=\"wp-block-column is-layout-flow wp-container-core-column-is-layout-119bc444 wp-block-column-is-layout-flow\">\n<figure class=\"wp-block-image size-full\"><img loading=\"lazy\" decoding=\"async\" width=\"610\" height=\"610\" src=\"http:\/\/adriacubells.com\/wp-content\/uploads\/2024\/05\/Proyecto-nuevo-copia-11.jpg\" alt=\"\" class=\"wp-image-162\" srcset=\"https:\/\/adriacubells.com\/wp-content\/uploads\/2024\/05\/Proyecto-nuevo-copia-11.jpg 610w, https:\/\/adriacubells.com\/wp-content\/uploads\/2024\/05\/Proyecto-nuevo-copia-11-300x300.jpg 300w, https:\/\/adriacubells.com\/wp-content\/uploads\/2024\/05\/Proyecto-nuevo-copia-11-150x150.jpg 150w\" sizes=\"(max-width: 610px) 100vw, 610px\" \/><\/figure>\n\n\n\n<h3 class=\"wp-block-heading\">Taller de caj\u00f3n Flamenco<\/h3>\n\n\n\n<p>La mateixa din\u00e0mica dels tallers de batucada, per\u00f2 afegint les nostres creacions.<\/p>\n\n\n\n<p class=\"has-text-color has-link-color wp-elements-85d35ea59b8f409675d1c9bb54333dc4\" style=\"color:#6b6b6b\"><a href=\"https:\/\/adriacubells.com\/index.php\/taller-de-cajon-flamenco\/\" data-type=\"page\" data-id=\"105\">M\u00e9s informaci\u00f3<\/a><\/p>\n<\/div>\n<\/div>\n<\/div>\n\n\n\n<div class=\"wp-block-group alignfull is-layout-constrained wp-container-core-group-is-layout-8e4c7a72 wp-block-group-is-layout-constrained\" style=\"margin-top:0px;margin-bottom:0px;padding-top:var(--wp--preset--spacing--60);padding-right:var(--wp--preset--spacing--40);padding-bottom:var(--wp--preset--spacing--70);padding-left:var(--wp--preset--spacing--40)\">\n<div class=\"wp-block-columns alignwide is-layout-flex wp-container-core-columns-is-layout-08c01c1c wp-block-columns-is-layout-flex\">\n<div class=\"wp-block-column is-layout-flow wp-container-core-column-is-layout-119bc444 wp-block-column-is-layout-flow\">\n<figure class=\"wp-block-image size-full\"><img loading=\"lazy\" decoding=\"async\" width=\"610\" height=\"610\" src=\"http:\/\/adriacubells.com\/wp-content\/uploads\/2024\/05\/Proyecto-nuevo-copia-4-1.jpg\" alt=\"\" class=\"wp-image-157\" srcset=\"https:\/\/adriacubells.com\/wp-content\/uploads\/2024\/05\/Proyecto-nuevo-copia-4-1.jpg 610w, https:\/\/adriacubells.com\/wp-content\/uploads\/2024\/05\/Proyecto-nuevo-copia-4-1-300x300.jpg 300w, https:\/\/adriacubells.com\/wp-content\/uploads\/2024\/05\/Proyecto-nuevo-copia-4-1-150x150.jpg 150w\" sizes=\"(max-width: 610px) 100vw, 610px\" \/><\/figure>\n\n\n\n<h3 class=\"wp-block-heading\">Taller de batucada<\/h3>\n\n\n\n<p>La mateixa din\u00e0mica dels tallers de batucada, per\u00f2 afegint les nostres creacions.<\/p>\n\n\n\n<p class=\"has-text-color has-link-color wp-elements-96d05b663ae3e8ab3dd997964617b78b\" style=\"color:#6b6b6b\"><a href=\"https:\/\/adriacubells.com\/index.php\/ominira-va-a-lescola\/\" data-type=\"page\" data-id=\"105\">M\u00e9s informaci\u00f3<\/a><\/p>\n<\/div>\n\n\n\n<div class=\"wp-block-column is-layout-flow wp-block-column-is-layout-flow\"><\/div>\n\n\n\n<div class=\"wp-block-column is-layout-flow wp-block-column-is-layout-flow\"><\/div>\n<\/div>\n<\/div>\n\n\n\n<div class=\"wp-block-group alignfull has-white-background-color has-background is-layout-constrained wp-container-core-group-is-layout-26666c0f wp-block-group-is-layout-constrained\" style=\"margin-top:0;margin-bottom:0;padding-top:var(--wp--preset--spacing--80);padding-right:var(--wp--preset--spacing--40);padding-bottom:var(--wp--preset--spacing--80);padding-left:var(--wp--preset--spacing--40)\">\n<div class=\"wp-block-group alignwide is-layout-flow wp-block-group-is-layout-flow\">\n<div class=\"wp-block-columns is-layout-flex wp-container-core-columns-is-layout-28f84493 wp-block-columns-is-layout-flex\">\n<div class=\"wp-block-column is-layout-flow wp-block-column-is-layout-flow\" style=\"flex-basis:50%\">\n<h2 class=\"wp-block-heading\">No trobes el teu servei? Contacta amb mi<\/h2>\n\n\n\n<p><\/p>\n<\/div>\n\n\n\n<div class=\"wp-block-column is-layout-flow wp-block-column-is-layout-flow\" style=\"flex-basis:50%\">\n<div class=\"wp-block-buttons is-layout-flex wp-block-buttons-is-layout-flex\">\n<div class=\"wp-block-button is-style-primary is-style-fill\"><a class=\"wp-block-button__link wp-element-button\">Contactar<\/a><\/div>\n<\/div>\n<\/div>\n<\/div>\n<\/div>\n<\/div>\n","protected":false},"excerpt":{"rendered":"<p>Aquesta p\u00e0gina mostra el&nbsp;cat\u00e0leg&nbsp;de serveis, tallers dirigits per a escoles, o classes individuals i grupals, de diferent disciplines&nbsp;art\u00edstiques. Hi ha activitats que&nbsp;s\u00f3n&nbsp;complement\u00e0ries&nbsp;d&#8217;altres. No trobes el teu servei? Contacta amb mi<\/p>\n","protected":false},"author":1,"featured_media":0,"parent":0,"menu_order":0,"comment_status":"closed","ping_status":"closed","template":"","meta":{"footnotes":""},"class_list":["post-45","page","type-page","status-publish","hentry"],"yoast_head":"<!-- This site is optimized with the Yoast SEO plugin v25.9 - https:\/\/yoast.com\/wordpress\/plugins\/seo\/ -->\n<title>Serveis - Adri Cubells<\/title>\n<meta name=\"robots\" content=\"index, follow, max-snippet:-1, max-image-preview:large, max-video-preview:-1\" \/>\n<link rel=\"canonical\" href=\"https:\/\/adriacubells.com\/index.php\/servicios\/\" \/>\n<meta property=\"og:locale\" content=\"ca_ES\" \/>\n<meta property=\"og:type\" content=\"article\" \/>\n<meta property=\"og:title\" content=\"Serveis - Adri Cubells\" \/>\n<meta property=\"og:description\" content=\"Aquesta p\u00e0gina mostra el&nbsp;cat\u00e0leg&nbsp;de serveis, tallers dirigits per a escoles, o classes individuals i grupals, de diferent disciplines&nbsp;art\u00edstiques. Hi ha activitats que&nbsp;s\u00f3n&nbsp;complement\u00e0ries&nbsp;d&#8217;altres. No trobes el teu servei? Contacta amb mi\" \/>\n<meta property=\"og:url\" content=\"https:\/\/adriacubells.com\/index.php\/servicios\/\" \/>\n<meta property=\"og:site_name\" content=\"Adri Cubells\" \/>\n<meta property=\"article:modified_time\" content=\"2025-01-16T11:00:52+00:00\" \/>\n<meta name=\"twitter:card\" content=\"summary_large_image\" \/>\n<script type=\"application\/ld+json\" class=\"yoast-schema-graph\">{\"@context\":\"https:\/\/schema.org\",\"@graph\":[{\"@type\":\"WebPage\",\"@id\":\"https:\/\/adriacubells.com\/index.php\/servicios\/\",\"url\":\"https:\/\/adriacubells.com\/index.php\/servicios\/\",\"name\":\"Serveis - Adri Cubells\",\"isPartOf\":{\"@id\":\"https:\/\/adriacubells.com\/#website\"},\"datePublished\":\"2024-05-31T11:33:12+00:00\",\"dateModified\":\"2025-01-16T11:00:52+00:00\",\"breadcrumb\":{\"@id\":\"https:\/\/adriacubells.com\/index.php\/servicios\/#breadcrumb\"},\"inLanguage\":\"ca\",\"potentialAction\":[{\"@type\":\"ReadAction\",\"target\":[\"https:\/\/adriacubells.com\/index.php\/servicios\/\"]}]},{\"@type\":\"BreadcrumbList\",\"@id\":\"https:\/\/adriacubells.com\/index.php\/servicios\/#breadcrumb\",\"itemListElement\":[{\"@type\":\"ListItem\",\"position\":1,\"name\":\"Inici\",\"item\":\"https:\/\/adriacubells.com\/\"},{\"@type\":\"ListItem\",\"position\":2,\"name\":\"Serveis\"}]},{\"@type\":\"WebSite\",\"@id\":\"https:\/\/adriacubells.com\/#website\",\"url\":\"https:\/\/adriacubells.com\/\",\"name\":\"Adri Cubells\",\"description\":\"Educador musical\",\"potentialAction\":[{\"@type\":\"SearchAction\",\"target\":{\"@type\":\"EntryPoint\",\"urlTemplate\":\"https:\/\/adriacubells.com\/?s={search_term_string}\"},\"query-input\":{\"@type\":\"PropertyValueSpecification\",\"valueRequired\":true,\"valueName\":\"search_term_string\"}}],\"inLanguage\":\"ca\"}]}<\/script>\n<!-- \/ Yoast SEO plugin. -->","yoast_head_json":{"title":"Serveis - Adri Cubells","robots":{"index":"index","follow":"follow","max-snippet":"max-snippet:-1","max-image-preview":"max-image-preview:large","max-video-preview":"max-video-preview:-1"},"canonical":"https:\/\/adriacubells.com\/index.php\/servicios\/","og_locale":"ca_ES","og_type":"article","og_title":"Serveis - Adri Cubells","og_description":"Aquesta p\u00e0gina mostra el&nbsp;cat\u00e0leg&nbsp;de serveis, tallers dirigits per a escoles, o classes individuals i grupals, de diferent disciplines&nbsp;art\u00edstiques. Hi ha activitats que&nbsp;s\u00f3n&nbsp;complement\u00e0ries&nbsp;d&#8217;altres. No trobes el teu servei? Contacta amb mi","og_url":"https:\/\/adriacubells.com\/index.php\/servicios\/","og_site_name":"Adri Cubells","article_modified_time":"2025-01-16T11:00:52+00:00","twitter_card":"summary_large_image","schema":{"@context":"https:\/\/schema.org","@graph":[{"@type":"WebPage","@id":"https:\/\/adriacubells.com\/index.php\/servicios\/","url":"https:\/\/adriacubells.com\/index.php\/servicios\/","name":"Serveis - Adri Cubells","isPartOf":{"@id":"https:\/\/adriacubells.com\/#website"},"datePublished":"2024-05-31T11:33:12+00:00","dateModified":"2025-01-16T11:00:52+00:00","breadcrumb":{"@id":"https:\/\/adriacubells.com\/index.php\/servicios\/#breadcrumb"},"inLanguage":"ca","potentialAction":[{"@type":"ReadAction","target":["https:\/\/adriacubells.com\/index.php\/servicios\/"]}]},{"@type":"BreadcrumbList","@id":"https:\/\/adriacubells.com\/index.php\/servicios\/#breadcrumb","itemListElement":[{"@type":"ListItem","position":1,"name":"Inici","item":"https:\/\/adriacubells.com\/"},{"@type":"ListItem","position":2,"name":"Serveis"}]},{"@type":"WebSite","@id":"https:\/\/adriacubells.com\/#website","url":"https:\/\/adriacubells.com\/","name":"Adri Cubells","description":"Educador musical","potentialAction":[{"@type":"SearchAction","target":{"@type":"EntryPoint","urlTemplate":"https:\/\/adriacubells.com\/?s={search_term_string}"},"query-input":{"@type":"PropertyValueSpecification","valueRequired":true,"valueName":"search_term_string"}}],"inLanguage":"ca"}]}},"_links":{"self":[{"href":"https:\/\/adriacubells.com\/index.php\/wp-json\/wp\/v2\/pages\/45","targetHints":{"allow":["GET"]}}],"collection":[{"href":"https:\/\/adriacubells.com\/index.php\/wp-json\/wp\/v2\/pages"}],"about":[{"href":"https:\/\/adriacubells.com\/index.php\/wp-json\/wp\/v2\/types\/page"}],"author":[{"embeddable":true,"href":"https:\/\/adriacubells.com\/index.php\/wp-json\/wp\/v2\/users\/1"}],"replies":[{"embeddable":true,"href":"https:\/\/adriacubells.com\/index.php\/wp-json\/wp\/v2\/comments?post=45"}],"version-history":[{"count":15,"href":"https:\/\/adriacubells.com\/index.php\/wp-json\/wp\/v2\/pages\/45\/revisions"}],"predecessor-version":[{"id":404,"href":"https:\/\/adriacubells.com\/index.php\/wp-json\/wp\/v2\/pages\/45\/revisions\/404"}],"wp:attachment":[{"href":"https:\/\/adriacubells.com\/index.php\/wp-json\/wp\/v2\/media?parent=45"}],"curies":[{"name":"wp","href":"https:\/\/api.w.org\/{rel}","templated":true}]}}