{"id":43,"date":"2024-05-31T11:32:47","date_gmt":"2024-05-31T11:32:47","guid":{"rendered":"https:\/\/adriacubells.com\/?page_id=43"},"modified":"2025-01-07T08:52:44","modified_gmt":"2025-01-07T08:52:44","slug":"conoceme","status":"publish","type":"page","link":"https:\/\/adriacubells.com\/index.php\/conoceme\/","title":{"rendered":"Coneixe&#8217;m"},"content":{"rendered":"\n<div class=\"wp-block-group alignfull has-raft-bg-alt-background-color has-background is-layout-constrained wp-container-core-group-is-layout-ca21e7af wp-block-group-is-layout-constrained\" style=\"margin-top:0;margin-bottom:0;padding-top:var(--wp--preset--spacing--80);padding-right:var(--wp--preset--spacing--40);padding-bottom:var(--wp--preset--spacing--80);padding-left:var(--wp--preset--spacing--40)\">\n<h2 class=\"wp-block-heading alignwide has-text-align-center\"><a href=\"https:\/\/adriacubells.com\/?page_id=234\" data-type=\"link\" data-id=\"https:\/\/adriacubells.com\/?page_id=234\">Adri Cubells &#8211; Educador Musical<\/a><\/h2>\n<\/div>\n\n\n\n<div class=\"wp-block-group alignfull is-layout-flow wp-container-core-group-is-layout-10d01144 wp-block-group-is-layout-flow\" style=\"margin-top:0px;margin-bottom:0px;padding-top:0px;padding-right:0px;padding-bottom:0px;padding-left:0px\">\n<div class=\"wp-block-columns are-vertically-aligned-center is-layout-flex wp-container-core-columns-is-layout-d2ca7aa4 wp-block-columns-is-layout-flex\">\n<div class=\"wp-block-column is-vertically-aligned-center is-layout-flow wp-block-column-is-layout-flow\" style=\"padding-top:32px;padding-right:32px;padding-bottom:32px;padding-left:32px\">\n<h2 class=\"wp-block-heading\">Sobre mi<\/h2>\n\n\n\n<div class=\"wp-block-group is-layout-constrained wp-container-core-group-is-layout-6d6486c8 wp-block-group-is-layout-constrained\">\n<p>Vaig iniciar amb la m\u00fasica als set anys; <\/p>\n\n\n\n<p>Primer amb estudis de piano, m\u00e9s endavant,  bateria i caj\u00f3n.<\/p>\n\n\n\n<p>Amb 15 anys d\u2019experi\u00e8ncia en classes particulars i en doc\u00e8ncia per escoles des de 2018.<\/p>\n\n\n\n<p>Classes de batucada i combo en escoles des de desde fa set anys.<\/p>\n\n\n\n<p>Actualment tinc 35 anys, i sempre he estat en actiu en el m\u00f3n de la m\u00fasica, ja sigui tocant amb diferents projectes o ensenyant m\u00fasica individual o en grups.<\/p>\n\n\n\n<p><\/p>\n<\/div>\n<\/div>\n\n\n\n<div class=\"wp-block-column is-vertically-aligned-center has-raft-bg-alt-background-color has-background is-layout-flow wp-block-column-is-layout-flow\" style=\"padding-top:32px;padding-right:32px;padding-bottom:32px;padding-left:32px\">\n<figure class=\"wp-block-image aligncenter size-full\"><img fetchpriority=\"high\" decoding=\"async\" width=\"610\" height=\"610\" src=\"https:\/\/adriacubells.com\/wp-content\/uploads\/2024\/05\/Proyecto-nuevo-copia-3-1.jpg\" alt=\"\" class=\"wp-image-194\" srcset=\"https:\/\/adriacubells.com\/wp-content\/uploads\/2024\/05\/Proyecto-nuevo-copia-3-1.jpg 610w, https:\/\/adriacubells.com\/wp-content\/uploads\/2024\/05\/Proyecto-nuevo-copia-3-1-300x300.jpg 300w, https:\/\/adriacubells.com\/wp-content\/uploads\/2024\/05\/Proyecto-nuevo-copia-3-1-150x150.jpg 150w\" sizes=\"(max-width: 610px) 100vw, 610px\" \/><\/figure>\n<\/div>\n<\/div>\n\n\n\n<div class=\"wp-block-columns are-vertically-aligned-center is-layout-flex wp-container-core-columns-is-layout-d2ca7aa4 wp-block-columns-is-layout-flex\">\n<div class=\"wp-block-column is-vertically-aligned-center has-raft-bg-alt-background-color has-background is-layout-flow wp-block-column-is-layout-flow\" style=\"padding-top:32px;padding-right:32px;padding-bottom:32px;padding-left:32px\">\n<figure class=\"wp-block-image aligncenter size-full\"><img decoding=\"async\" width=\"610\" height=\"610\" src=\"https:\/\/adriacubells.com\/wp-content\/uploads\/2024\/05\/Proyecto-nuevo-copia-2-1.jpg\" alt=\"\" class=\"wp-image-195\" srcset=\"https:\/\/adriacubells.com\/wp-content\/uploads\/2024\/05\/Proyecto-nuevo-copia-2-1.jpg 610w, https:\/\/adriacubells.com\/wp-content\/uploads\/2024\/05\/Proyecto-nuevo-copia-2-1-300x300.jpg 300w, https:\/\/adriacubells.com\/wp-content\/uploads\/2024\/05\/Proyecto-nuevo-copia-2-1-150x150.jpg 150w\" sizes=\"(max-width: 610px) 100vw, 610px\" \/><\/figure>\n<\/div>\n\n\n\n<div class=\"wp-block-column is-vertically-aligned-center is-layout-flow wp-block-column-is-layout-flow\" style=\"padding-top:32px;padding-right:32px;padding-bottom:32px;padding-left:32px\">\n<div class=\"wp-block-group is-layout-constrained wp-container-core-group-is-layout-6d6486c8 wp-block-group-is-layout-constrained\">\n<h2 class=\"wp-block-heading\">Refer\u00e8ncies<\/h2>\n\n\n\n<p>Escola Mediterr\u00e0nea (Viladecans) <\/p>\n\n\n\n<p>Escola Can Palmer (Viladecans)<\/p>\n\n\n\n<p>Can Gasol (Matar\u00f3)<\/p>\n\n\n\n<p>Escola Vibraccions. (Sant Climent)<\/p>\n\n\n\n<p>Can Masallera (Sant Boi) <\/p>\n\n\n\n<p>Escola Jos\u00e9 Salamero (Gav\u00e0) <\/p>\n\n\n\n<p>Escola Gav\u00e0mar (Gav\u00e0) <\/p>\n\n\n\n<p>Escola Teide (Viladecans)<\/p>\n\n\n\n<div class=\"wp-block-buttons is-layout-flex wp-block-buttons-is-layout-flex\">\n<div class=\"wp-block-button is-style-primary\"><a class=\"wp-block-button__link wp-element-button\" href=\"https:\/\/adriacubells.com\/?page_id=234\">Portafolio<\/a><\/div>\n<\/div>\n<\/div>\n\n\n\n<p><a href=\"https:\/\/www.tusclasesparticulares.com\/profesores\/adri-cubells-cubells-valero\/opiniones\"><strong>Refer\u00e8ncies d&#8217;alumnes<\/strong><\/a><\/p>\n<\/div>\n<\/div>\n<\/div>\n\n\n\n<div class=\"wp-block-group alignfull has-raft-fg-alt-color has-raft-accent-background-color has-text-color has-background has-link-color wp-elements-6b9c3bbe0c5a00f2b06aa4598048a6dd is-layout-constrained wp-container-core-group-is-layout-87092498 wp-block-group-is-layout-constrained\" style=\"margin-top:0;margin-bottom:0;padding-top:var(--wp--preset--spacing--80);padding-right:var(--wp--preset--spacing--40);padding-bottom:var(--wp--preset--spacing--80);padding-left:var(--wp--preset--spacing--40)\">\n<div class=\"wp-block-group is-layout-constrained wp-container-core-group-is-layout-92b9201d wp-block-group-is-layout-constrained\">\n<p class=\"has-text-align-center has-small-font-size\" style=\"font-style:normal;font-weight:600;letter-spacing:2px;text-transform:uppercase\">fes una ullada als tallers i din\u00e0miques d&#8217;aquesta web<\/p>\n\n\n\n<p class=\"has-text-align-center has-medium-font-size\">Envia\u00b4m un mail i pregunta&#8217;m!<\/p>\n<\/div>\n\n\n\n<div class=\"wp-block-buttons is-content-justification-center is-layout-flex wp-container-core-buttons-is-layout-a89b3969 wp-block-buttons-is-layout-flex\">\n<div class=\"wp-block-button is-style-outline is-style-outline--1\"><a class=\"wp-block-button__link wp-element-button\" href=\"https:\/\/adriacubells.com\/index.php\/servicios\/\">Serveis<\/a><\/div>\n\n\n\n<div class=\"wp-block-button is-style-outline is-style-outline--2\"><a class=\"wp-block-button__link wp-element-button\" href=\"https:\/\/adriacubells.com\/index.php\/contacto\/\">Contacta&#8217;m<\/a><\/div>\n<\/div>\n<\/div>\n\n\n\n<h2 class=\"wp-block-heading\"><\/h2>\n","protected":false},"excerpt":{"rendered":"<p>Adri Cubells &#8211; Educador Musical Sobre mi Vaig iniciar amb la m\u00fasica als set anys; Primer amb estudis de piano, m\u00e9s endavant, bateria i caj\u00f3n. Amb 15 anys d\u2019experi\u00e8ncia en classes particulars i en doc\u00e8ncia per escoles des de 2018. Classes de batucada i combo en escoles des de desde fa set anys. Actualment tinc [&hellip;]<\/p>\n","protected":false},"author":1,"featured_media":0,"parent":0,"menu_order":0,"comment_status":"closed","ping_status":"closed","template":"","meta":{"footnotes":""},"class_list":["post-43","page","type-page","status-publish","hentry"],"yoast_head":"<!-- This site is optimized with the Yoast SEO plugin v25.9 - https:\/\/yoast.com\/wordpress\/plugins\/seo\/ -->\n<title>Coneixe&#039;m - Adri Cubells<\/title>\n<meta name=\"robots\" content=\"index, follow, max-snippet:-1, max-image-preview:large, max-video-preview:-1\" \/>\n<link rel=\"canonical\" href=\"https:\/\/adriacubells.com\/index.php\/conoceme\/\" \/>\n<meta property=\"og:locale\" content=\"ca_ES\" \/>\n<meta property=\"og:type\" content=\"article\" \/>\n<meta property=\"og:title\" content=\"Coneixe&#039;m - Adri Cubells\" \/>\n<meta property=\"og:description\" content=\"Adri Cubells &#8211; Educador Musical Sobre mi Vaig iniciar amb la m\u00fasica als set anys; Primer amb estudis de piano, m\u00e9s endavant, bateria i caj\u00f3n. Amb 15 anys d\u2019experi\u00e8ncia en classes particulars i en doc\u00e8ncia per escoles des de 2018. Classes de batucada i combo en escoles des de desde fa set anys. Actualment tinc [&hellip;]\" \/>\n<meta property=\"og:url\" content=\"https:\/\/adriacubells.com\/index.php\/conoceme\/\" \/>\n<meta property=\"og:site_name\" content=\"Adri Cubells\" \/>\n<meta property=\"article:modified_time\" content=\"2025-01-07T08:52:44+00:00\" \/>\n<meta property=\"og:image\" content=\"https:\/\/adriacubells.com\/wp-content\/uploads\/2024\/05\/Proyecto-nuevo-copia-3-1.jpg\" \/>\n<meta name=\"twitter:card\" content=\"summary_large_image\" \/>\n<meta name=\"twitter:label1\" content=\"Temps estimat de lectura\" \/>\n\t<meta name=\"twitter:data1\" content=\"1 minut\" \/>\n<script type=\"application\/ld+json\" class=\"yoast-schema-graph\">{\"@context\":\"https:\/\/schema.org\",\"@graph\":[{\"@type\":\"WebPage\",\"@id\":\"https:\/\/adriacubells.com\/index.php\/conoceme\/\",\"url\":\"https:\/\/adriacubells.com\/index.php\/conoceme\/\",\"name\":\"Coneixe'm - Adri Cubells\",\"isPartOf\":{\"@id\":\"https:\/\/adriacubells.com\/#website\"},\"primaryImageOfPage\":{\"@id\":\"https:\/\/adriacubells.com\/index.php\/conoceme\/#primaryimage\"},\"image\":{\"@id\":\"https:\/\/adriacubells.com\/index.php\/conoceme\/#primaryimage\"},\"thumbnailUrl\":\"https:\/\/adriacubells.com\/wp-content\/uploads\/2024\/05\/Proyecto-nuevo-copia-3-1.jpg\",\"datePublished\":\"2024-05-31T11:32:47+00:00\",\"dateModified\":\"2025-01-07T08:52:44+00:00\",\"breadcrumb\":{\"@id\":\"https:\/\/adriacubells.com\/index.php\/conoceme\/#breadcrumb\"},\"inLanguage\":\"ca\",\"potentialAction\":[{\"@type\":\"ReadAction\",\"target\":[\"https:\/\/adriacubells.com\/index.php\/conoceme\/\"]}]},{\"@type\":\"ImageObject\",\"inLanguage\":\"ca\",\"@id\":\"https:\/\/adriacubells.com\/index.php\/conoceme\/#primaryimage\",\"url\":\"https:\/\/adriacubells.com\/wp-content\/uploads\/2024\/05\/Proyecto-nuevo-copia-3-1.jpg\",\"contentUrl\":\"https:\/\/adriacubells.com\/wp-content\/uploads\/2024\/05\/Proyecto-nuevo-copia-3-1.jpg\",\"width\":610,\"height\":610},{\"@type\":\"BreadcrumbList\",\"@id\":\"https:\/\/adriacubells.com\/index.php\/conoceme\/#breadcrumb\",\"itemListElement\":[{\"@type\":\"ListItem\",\"position\":1,\"name\":\"Inici\",\"item\":\"https:\/\/adriacubells.com\/\"},{\"@type\":\"ListItem\",\"position\":2,\"name\":\"Coneixe&#8217;m\"}]},{\"@type\":\"WebSite\",\"@id\":\"https:\/\/adriacubells.com\/#website\",\"url\":\"https:\/\/adriacubells.com\/\",\"name\":\"Adri Cubells\",\"description\":\"Educador musical\",\"potentialAction\":[{\"@type\":\"SearchAction\",\"target\":{\"@type\":\"EntryPoint\",\"urlTemplate\":\"https:\/\/adriacubells.com\/?s={search_term_string}\"},\"query-input\":{\"@type\":\"PropertyValueSpecification\",\"valueRequired\":true,\"valueName\":\"search_term_string\"}}],\"inLanguage\":\"ca\"}]}<\/script>\n<!-- \/ Yoast SEO plugin. -->","yoast_head_json":{"title":"Coneixe'm - Adri Cubells","robots":{"index":"index","follow":"follow","max-snippet":"max-snippet:-1","max-image-preview":"max-image-preview:large","max-video-preview":"max-video-preview:-1"},"canonical":"https:\/\/adriacubells.com\/index.php\/conoceme\/","og_locale":"ca_ES","og_type":"article","og_title":"Coneixe'm - Adri Cubells","og_description":"Adri Cubells &#8211; Educador Musical Sobre mi Vaig iniciar amb la m\u00fasica als set anys; Primer amb estudis de piano, m\u00e9s endavant, bateria i caj\u00f3n. Amb 15 anys d\u2019experi\u00e8ncia en classes particulars i en doc\u00e8ncia per escoles des de 2018. Classes de batucada i combo en escoles des de desde fa set anys. Actualment tinc [&hellip;]","og_url":"https:\/\/adriacubells.com\/index.php\/conoceme\/","og_site_name":"Adri Cubells","article_modified_time":"2025-01-07T08:52:44+00:00","og_image":[{"url":"https:\/\/adriacubells.com\/wp-content\/uploads\/2024\/05\/Proyecto-nuevo-copia-3-1.jpg","type":"","width":"","height":""}],"twitter_card":"summary_large_image","twitter_misc":{"Temps estimat de lectura":"1 minut"},"schema":{"@context":"https:\/\/schema.org","@graph":[{"@type":"WebPage","@id":"https:\/\/adriacubells.com\/index.php\/conoceme\/","url":"https:\/\/adriacubells.com\/index.php\/conoceme\/","name":"Coneixe'm - Adri Cubells","isPartOf":{"@id":"https:\/\/adriacubells.com\/#website"},"primaryImageOfPage":{"@id":"https:\/\/adriacubells.com\/index.php\/conoceme\/#primaryimage"},"image":{"@id":"https:\/\/adriacubells.com\/index.php\/conoceme\/#primaryimage"},"thumbnailUrl":"https:\/\/adriacubells.com\/wp-content\/uploads\/2024\/05\/Proyecto-nuevo-copia-3-1.jpg","datePublished":"2024-05-31T11:32:47+00:00","dateModified":"2025-01-07T08:52:44+00:00","breadcrumb":{"@id":"https:\/\/adriacubells.com\/index.php\/conoceme\/#breadcrumb"},"inLanguage":"ca","potentialAction":[{"@type":"ReadAction","target":["https:\/\/adriacubells.com\/index.php\/conoceme\/"]}]},{"@type":"ImageObject","inLanguage":"ca","@id":"https:\/\/adriacubells.com\/index.php\/conoceme\/#primaryimage","url":"https:\/\/adriacubells.com\/wp-content\/uploads\/2024\/05\/Proyecto-nuevo-copia-3-1.jpg","contentUrl":"https:\/\/adriacubells.com\/wp-content\/uploads\/2024\/05\/Proyecto-nuevo-copia-3-1.jpg","width":610,"height":610},{"@type":"BreadcrumbList","@id":"https:\/\/adriacubells.com\/index.php\/conoceme\/#breadcrumb","itemListElement":[{"@type":"ListItem","position":1,"name":"Inici","item":"https:\/\/adriacubells.com\/"},{"@type":"ListItem","position":2,"name":"Coneixe&#8217;m"}]},{"@type":"WebSite","@id":"https:\/\/adriacubells.com\/#website","url":"https:\/\/adriacubells.com\/","name":"Adri Cubells","description":"Educador musical","potentialAction":[{"@type":"SearchAction","target":{"@type":"EntryPoint","urlTemplate":"https:\/\/adriacubells.com\/?s={search_term_string}"},"query-input":{"@type":"PropertyValueSpecification","valueRequired":true,"valueName":"search_term_string"}}],"inLanguage":"ca"}]}},"_links":{"self":[{"href":"https:\/\/adriacubells.com\/index.php\/wp-json\/wp\/v2\/pages\/43","targetHints":{"allow":["GET"]}}],"collection":[{"href":"https:\/\/adriacubells.com\/index.php\/wp-json\/wp\/v2\/pages"}],"about":[{"href":"https:\/\/adriacubells.com\/index.php\/wp-json\/wp\/v2\/types\/page"}],"author":[{"embeddable":true,"href":"https:\/\/adriacubells.com\/index.php\/wp-json\/wp\/v2\/users\/1"}],"replies":[{"embeddable":true,"href":"https:\/\/adriacubells.com\/index.php\/wp-json\/wp\/v2\/comments?post=43"}],"version-history":[{"count":12,"href":"https:\/\/adriacubells.com\/index.php\/wp-json\/wp\/v2\/pages\/43\/revisions"}],"predecessor-version":[{"id":353,"href":"https:\/\/adriacubells.com\/index.php\/wp-json\/wp\/v2\/pages\/43\/revisions\/353"}],"wp:attachment":[{"href":"https:\/\/adriacubells.com\/index.php\/wp-json\/wp\/v2\/media?parent=43"}],"curies":[{"name":"wp","href":"https:\/\/api.w.org\/{rel}","templated":true}]}}