{"id":217,"date":"2024-05-31T20:39:59","date_gmt":"2024-05-31T20:39:59","guid":{"rendered":"https:\/\/adriacubells.com\/?page_id=217"},"modified":"2024-06-02T14:51:25","modified_gmt":"2024-06-02T14:51:25","slug":"body-percussion","status":"publish","type":"page","link":"https:\/\/adriacubells.com\/index.php\/body-percussion\/","title":{"rendered":"Body percussion"},"content":{"rendered":"\n<div class=\"wp-block-group alignfull is-layout-constrained wp-container-core-group-is-layout-94e92a02 wp-block-group-is-layout-constrained\" style=\"margin-top:0;margin-bottom:0;padding-top:var(--wp--preset--spacing--80);padding-right:var(--wp--preset--spacing--40);padding-bottom:var(--wp--preset--spacing--80);padding-left:var(--wp--preset--spacing--40)\">\n<h2 class=\"wp-block-heading has-text-align-center\">Farem sonar el cos \/ Taller a escoles<\/h2>\n\n\n\n<p class=\"has-text-align-center\">Un taller sobre el ritme aplicat al so corporal. <\/p>\n\n\n\n<p class=\"has-text-align-center\">Apendrem a llegir les figures ritmiques per poder aplicar-ho fent sonar el nostre cos.<\/p>\n\n\n\n<p class=\"has-text-align-center\">   Taller pensat per a m\u00e0xim 40 alumnes per sessi\u00f3.<\/p>\n\n\n\n<p class=\"has-text-align-center\">   Duraci\u00f3 del taller: 1h<\/p>\n\n\n\n<div class=\"wp-block-group alignwide is-layout-flow wp-block-group-is-layout-flow\">\n<div class=\"wp-block-columns is-layout-flex wp-container-core-columns-is-layout-28f84493 wp-block-columns-is-layout-flex\">\n<div class=\"wp-block-column is-layout-flow wp-block-column-is-layout-flow\">\n<figure class=\"wp-block-gallery aligncenter has-nested-images columns-default wp-block-gallery-1 is-layout-flex wp-block-gallery-is-layout-flex\">\n<figure class=\"wp-block-image size-full\"><img fetchpriority=\"high\" decoding=\"async\" width=\"824\" height=\"638\" data-id=\"218\" src=\"http:\/\/adriacubells.com\/wp-content\/uploads\/2024\/05\/Captura-de-pantalla-2024-05-31-a-las-15.36.58.png\" alt=\"\" class=\"wp-image-218\" srcset=\"https:\/\/adriacubells.com\/wp-content\/uploads\/2024\/05\/Captura-de-pantalla-2024-05-31-a-las-15.36.58.png 824w, https:\/\/adriacubells.com\/wp-content\/uploads\/2024\/05\/Captura-de-pantalla-2024-05-31-a-las-15.36.58-300x232.png 300w, https:\/\/adriacubells.com\/wp-content\/uploads\/2024\/05\/Captura-de-pantalla-2024-05-31-a-las-15.36.58-768x595.png 768w\" sizes=\"(max-width: 824px) 100vw, 824px\" \/><\/figure>\n\n\n\n<figure class=\"wp-block-image size-full\"><img decoding=\"async\" width=\"610\" height=\"458\" data-id=\"278\" src=\"https:\/\/adriacubells.com\/wp-content\/uploads\/2024\/06\/Proyecto-nuevo-copia-3-edited.jpg\" alt=\"\" class=\"wp-image-278\" srcset=\"https:\/\/adriacubells.com\/wp-content\/uploads\/2024\/06\/Proyecto-nuevo-copia-3-edited.jpg 610w, https:\/\/adriacubells.com\/wp-content\/uploads\/2024\/06\/Proyecto-nuevo-copia-3-edited-300x225.jpg 300w\" sizes=\"(max-width: 610px) 100vw, 610px\" \/><\/figure>\n<\/figure>\n<\/div>\n<\/div>\n<\/div>\n\n\n\n<div class=\"wp-block-buttons is-content-justification-center is-layout-flex wp-container-core-buttons-is-layout-a89b3969 wp-block-buttons-is-layout-flex\">\n<div class=\"wp-block-button\"><a class=\"wp-block-button__link has-raft-fg-alt-color has-text-color wp-element-button\" href=\"https:\/\/adriacubells.com\/index.php\/contacto\/\">Contacte<\/a><\/div>\n<\/div>\n<\/div>\n","protected":false},"excerpt":{"rendered":"<p>Farem sonar el cos \/ Taller a escoles Un taller sobre el ritme aplicat al so corporal. Apendrem a llegir les figures ritmiques per poder aplicar-ho fent sonar el nostre cos. Taller pensat per a m\u00e0xim 40 alumnes per sessi\u00f3. Duraci\u00f3 del taller: 1h<\/p>\n","protected":false},"author":1,"featured_media":0,"parent":0,"menu_order":0,"comment_status":"closed","ping_status":"closed","template":"","meta":{"footnotes":""},"class_list":["post-217","page","type-page","status-publish","hentry"],"yoast_head":"<!-- This site is optimized with the Yoast SEO plugin v25.9 - https:\/\/yoast.com\/wordpress\/plugins\/seo\/ -->\n<title>Body percussion - Adri Cubells<\/title>\n<meta name=\"robots\" content=\"index, follow, max-snippet:-1, max-image-preview:large, max-video-preview:-1\" \/>\n<link rel=\"canonical\" href=\"https:\/\/adriacubells.com\/index.php\/body-percussion\/\" \/>\n<meta property=\"og:locale\" content=\"ca_ES\" \/>\n<meta property=\"og:type\" content=\"article\" \/>\n<meta property=\"og:title\" content=\"Body percussion - Adri Cubells\" \/>\n<meta property=\"og:description\" content=\"Farem sonar el cos \/ Taller a escoles Un taller sobre el ritme aplicat al so corporal. Apendrem a llegir les figures ritmiques per poder aplicar-ho fent sonar el nostre cos. Taller pensat per a m\u00e0xim 40 alumnes per sessi\u00f3. Duraci\u00f3 del taller: 1h\" \/>\n<meta property=\"og:url\" content=\"https:\/\/adriacubells.com\/index.php\/body-percussion\/\" \/>\n<meta property=\"og:site_name\" content=\"Adri Cubells\" \/>\n<meta property=\"article:modified_time\" content=\"2024-06-02T14:51:25+00:00\" \/>\n<meta property=\"og:image\" content=\"http:\/\/adriacubells.com\/wp-content\/uploads\/2024\/05\/Captura-de-pantalla-2024-05-31-a-las-15.36.58.png\" \/>\n<meta name=\"twitter:card\" content=\"summary_large_image\" \/>\n<script type=\"application\/ld+json\" class=\"yoast-schema-graph\">{\"@context\":\"https:\/\/schema.org\",\"@graph\":[{\"@type\":\"WebPage\",\"@id\":\"https:\/\/adriacubells.com\/index.php\/body-percussion\/\",\"url\":\"https:\/\/adriacubells.com\/index.php\/body-percussion\/\",\"name\":\"Body percussion - Adri Cubells\",\"isPartOf\":{\"@id\":\"https:\/\/adriacubells.com\/#website\"},\"primaryImageOfPage\":{\"@id\":\"https:\/\/adriacubells.com\/index.php\/body-percussion\/#primaryimage\"},\"image\":{\"@id\":\"https:\/\/adriacubells.com\/index.php\/body-percussion\/#primaryimage\"},\"thumbnailUrl\":\"http:\/\/adriacubells.com\/wp-content\/uploads\/2024\/05\/Captura-de-pantalla-2024-05-31-a-las-15.36.58.png\",\"datePublished\":\"2024-05-31T20:39:59+00:00\",\"dateModified\":\"2024-06-02T14:51:25+00:00\",\"breadcrumb\":{\"@id\":\"https:\/\/adriacubells.com\/index.php\/body-percussion\/#breadcrumb\"},\"inLanguage\":\"ca\",\"potentialAction\":[{\"@type\":\"ReadAction\",\"target\":[\"https:\/\/adriacubells.com\/index.php\/body-percussion\/\"]}]},{\"@type\":\"ImageObject\",\"inLanguage\":\"ca\",\"@id\":\"https:\/\/adriacubells.com\/index.php\/body-percussion\/#primaryimage\",\"url\":\"https:\/\/adriacubells.com\/wp-content\/uploads\/2024\/05\/Captura-de-pantalla-2024-05-31-a-las-15.36.58.png\",\"contentUrl\":\"https:\/\/adriacubells.com\/wp-content\/uploads\/2024\/05\/Captura-de-pantalla-2024-05-31-a-las-15.36.58.png\",\"width\":824,\"height\":638},{\"@type\":\"BreadcrumbList\",\"@id\":\"https:\/\/adriacubells.com\/index.php\/body-percussion\/#breadcrumb\",\"itemListElement\":[{\"@type\":\"ListItem\",\"position\":1,\"name\":\"Inici\",\"item\":\"https:\/\/adriacubells.com\/\"},{\"@type\":\"ListItem\",\"position\":2,\"name\":\"Body percussion\"}]},{\"@type\":\"WebSite\",\"@id\":\"https:\/\/adriacubells.com\/#website\",\"url\":\"https:\/\/adriacubells.com\/\",\"name\":\"Adri Cubells\",\"description\":\"Educador musical\",\"potentialAction\":[{\"@type\":\"SearchAction\",\"target\":{\"@type\":\"EntryPoint\",\"urlTemplate\":\"https:\/\/adriacubells.com\/?s={search_term_string}\"},\"query-input\":{\"@type\":\"PropertyValueSpecification\",\"valueRequired\":true,\"valueName\":\"search_term_string\"}}],\"inLanguage\":\"ca\"}]}<\/script>\n<!-- \/ Yoast SEO plugin. -->","yoast_head_json":{"title":"Body percussion - Adri Cubells","robots":{"index":"index","follow":"follow","max-snippet":"max-snippet:-1","max-image-preview":"max-image-preview:large","max-video-preview":"max-video-preview:-1"},"canonical":"https:\/\/adriacubells.com\/index.php\/body-percussion\/","og_locale":"ca_ES","og_type":"article","og_title":"Body percussion - Adri Cubells","og_description":"Farem sonar el cos \/ Taller a escoles Un taller sobre el ritme aplicat al so corporal. Apendrem a llegir les figures ritmiques per poder aplicar-ho fent sonar el nostre cos. Taller pensat per a m\u00e0xim 40 alumnes per sessi\u00f3. Duraci\u00f3 del taller: 1h","og_url":"https:\/\/adriacubells.com\/index.php\/body-percussion\/","og_site_name":"Adri Cubells","article_modified_time":"2024-06-02T14:51:25+00:00","og_image":[{"url":"http:\/\/adriacubells.com\/wp-content\/uploads\/2024\/05\/Captura-de-pantalla-2024-05-31-a-las-15.36.58.png","type":"","width":"","height":""}],"twitter_card":"summary_large_image","schema":{"@context":"https:\/\/schema.org","@graph":[{"@type":"WebPage","@id":"https:\/\/adriacubells.com\/index.php\/body-percussion\/","url":"https:\/\/adriacubells.com\/index.php\/body-percussion\/","name":"Body percussion - Adri Cubells","isPartOf":{"@id":"https:\/\/adriacubells.com\/#website"},"primaryImageOfPage":{"@id":"https:\/\/adriacubells.com\/index.php\/body-percussion\/#primaryimage"},"image":{"@id":"https:\/\/adriacubells.com\/index.php\/body-percussion\/#primaryimage"},"thumbnailUrl":"http:\/\/adriacubells.com\/wp-content\/uploads\/2024\/05\/Captura-de-pantalla-2024-05-31-a-las-15.36.58.png","datePublished":"2024-05-31T20:39:59+00:00","dateModified":"2024-06-02T14:51:25+00:00","breadcrumb":{"@id":"https:\/\/adriacubells.com\/index.php\/body-percussion\/#breadcrumb"},"inLanguage":"ca","potentialAction":[{"@type":"ReadAction","target":["https:\/\/adriacubells.com\/index.php\/body-percussion\/"]}]},{"@type":"ImageObject","inLanguage":"ca","@id":"https:\/\/adriacubells.com\/index.php\/body-percussion\/#primaryimage","url":"https:\/\/adriacubells.com\/wp-content\/uploads\/2024\/05\/Captura-de-pantalla-2024-05-31-a-las-15.36.58.png","contentUrl":"https:\/\/adriacubells.com\/wp-content\/uploads\/2024\/05\/Captura-de-pantalla-2024-05-31-a-las-15.36.58.png","width":824,"height":638},{"@type":"BreadcrumbList","@id":"https:\/\/adriacubells.com\/index.php\/body-percussion\/#breadcrumb","itemListElement":[{"@type":"ListItem","position":1,"name":"Inici","item":"https:\/\/adriacubells.com\/"},{"@type":"ListItem","position":2,"name":"Body percussion"}]},{"@type":"WebSite","@id":"https:\/\/adriacubells.com\/#website","url":"https:\/\/adriacubells.com\/","name":"Adri Cubells","description":"Educador musical","potentialAction":[{"@type":"SearchAction","target":{"@type":"EntryPoint","urlTemplate":"https:\/\/adriacubells.com\/?s={search_term_string}"},"query-input":{"@type":"PropertyValueSpecification","valueRequired":true,"valueName":"search_term_string"}}],"inLanguage":"ca"}]}},"_links":{"self":[{"href":"https:\/\/adriacubells.com\/index.php\/wp-json\/wp\/v2\/pages\/217","targetHints":{"allow":["GET"]}}],"collection":[{"href":"https:\/\/adriacubells.com\/index.php\/wp-json\/wp\/v2\/pages"}],"about":[{"href":"https:\/\/adriacubells.com\/index.php\/wp-json\/wp\/v2\/types\/page"}],"author":[{"embeddable":true,"href":"https:\/\/adriacubells.com\/index.php\/wp-json\/wp\/v2\/users\/1"}],"replies":[{"embeddable":true,"href":"https:\/\/adriacubells.com\/index.php\/wp-json\/wp\/v2\/comments?post=217"}],"version-history":[{"count":5,"href":"https:\/\/adriacubells.com\/index.php\/wp-json\/wp\/v2\/pages\/217\/revisions"}],"predecessor-version":[{"id":294,"href":"https:\/\/adriacubells.com\/index.php\/wp-json\/wp\/v2\/pages\/217\/revisions\/294"}],"wp:attachment":[{"href":"https:\/\/adriacubells.com\/index.php\/wp-json\/wp\/v2\/media?parent=217"}],"curies":[{"name":"wp","href":"https:\/\/api.w.org\/{rel}","templated":true}]}}