{"id":113,"date":"2024-05-31T12:34:01","date_gmt":"2024-05-31T12:34:01","guid":{"rendered":"https:\/\/adriacubells.com\/?page_id=113"},"modified":"2025-01-07T09:02:20","modified_gmt":"2025-01-07T09:02:20","slug":"pinta-la-musica","status":"publish","type":"page","link":"https:\/\/adriacubells.com\/index.php\/pinta-la-musica\/","title":{"rendered":"Pinta la m\u00fasica"},"content":{"rendered":"\n<div class=\"wp-block-group alignfull is-layout-constrained wp-container-core-group-is-layout-94e92a02 wp-block-group-is-layout-constrained\" style=\"margin-top:0;margin-bottom:0;padding-top:var(--wp--preset--spacing--80);padding-right:var(--wp--preset--spacing--40);padding-bottom:var(--wp--preset--spacing--80);padding-left:var(--wp--preset--spacing--40)\">\n<h2 class=\"wp-block-heading has-text-align-left\">Descobreix un nou proc\u00e9s creatiu!<\/h2>\n\n\n\n<p class=\"has-text-align-left\">Treballant&nbsp;les diferents&nbsp;sinest\u00e8sies, aconseguirem interpretar la m\u00fasica que sona d&#8217;un piano, per convertir-la en una obra d&#8217;art visual i \u00fanica. La din\u00e0mica va acompanyada d&#8217;un enregistrament on posteriorment podrem mirar&nbsp;l&#8217;obra&nbsp;d&#8217;art,&nbsp;mentre&nbsp;escoltem la pe\u00e7a sonora.<\/p>\n\n\n\n<p class=\"has-text-align-left\">Al principi del taller, farem una breu explicaci\u00f3 de com conectar el llenguatge sonor, i l&#8217;expressi\u00f3 art\u00edstica, tot jugant amb les din\u00e0miques, volums, successions d&#8217;acords, on l&#8217;alumne podr\u00e0 interpretar lliurement el que es\u00e0 sentint. En acabat, es podr\u00e0 fer una exposici\u00f3 de les obres d&#8217;art interpretatives junt a poder escoltar la pe\u00e7a de piano enregistrada aquell mateix dia.<\/p>\n\n\n\n<p class=\"has-text-align-left\">El material necessari, ser\u00e0 un pinzell o dos per alumne.<\/p>\n\n\n\n<p class=\"has-text-align-left\">Duraci\u00f3 taller: 1 hora<\/p>\n\n\n\n<div class=\"wp-block-group alignwide is-layout-flow wp-block-group-is-layout-flow\">\n<div class=\"wp-block-columns is-layout-flex wp-container-core-columns-is-layout-28f84493 wp-block-columns-is-layout-flex\">\n<div class=\"wp-block-column is-layout-flow wp-block-column-is-layout-flow\">\n<figure class=\"wp-block-gallery aligncenter has-nested-images columns-default wp-block-gallery-1 is-layout-flex wp-block-gallery-is-layout-flex\">\n<figure class=\"wp-block-image size-full\"><img fetchpriority=\"high\" decoding=\"async\" width=\"874\" height=\"770\" data-id=\"151\" src=\"https:\/\/adriacubells.com\/wp-content\/uploads\/2024\/05\/Captura-de-pantalla-2024-05-31-a-las-15.48.54.png\" alt=\"\" class=\"wp-image-151\" srcset=\"https:\/\/adriacubells.com\/wp-content\/uploads\/2024\/05\/Captura-de-pantalla-2024-05-31-a-las-15.48.54.png 874w, https:\/\/adriacubells.com\/wp-content\/uploads\/2024\/05\/Captura-de-pantalla-2024-05-31-a-las-15.48.54-300x264.png 300w, https:\/\/adriacubells.com\/wp-content\/uploads\/2024\/05\/Captura-de-pantalla-2024-05-31-a-las-15.48.54-768x677.png 768w\" sizes=\"(max-width: 874px) 100vw, 874px\" \/><\/figure>\n\n\n\n<figure class=\"wp-block-image size-full\"><img decoding=\"async\" width=\"610\" height=\"610\" data-id=\"152\" src=\"https:\/\/adriacubells.com\/wp-content\/uploads\/2024\/05\/Proyecto-nuevo-copia-7-1.jpg\" alt=\"\" class=\"wp-image-152\" srcset=\"https:\/\/adriacubells.com\/wp-content\/uploads\/2024\/05\/Proyecto-nuevo-copia-7-1.jpg 610w, https:\/\/adriacubells.com\/wp-content\/uploads\/2024\/05\/Proyecto-nuevo-copia-7-1-300x300.jpg 300w, https:\/\/adriacubells.com\/wp-content\/uploads\/2024\/05\/Proyecto-nuevo-copia-7-1-150x150.jpg 150w\" sizes=\"(max-width: 610px) 100vw, 610px\" \/><\/figure>\n\n\n\n<figure class=\"wp-block-image size-full\"><img decoding=\"async\" width=\"900\" height=\"926\" data-id=\"153\" src=\"https:\/\/adriacubells.com\/wp-content\/uploads\/2024\/05\/Captura-de-pantalla-2024-05-31-a-las-15.47.48.png\" alt=\"\" class=\"wp-image-153\" srcset=\"https:\/\/adriacubells.com\/wp-content\/uploads\/2024\/05\/Captura-de-pantalla-2024-05-31-a-las-15.47.48.png 900w, https:\/\/adriacubells.com\/wp-content\/uploads\/2024\/05\/Captura-de-pantalla-2024-05-31-a-las-15.47.48-292x300.png 292w, https:\/\/adriacubells.com\/wp-content\/uploads\/2024\/05\/Captura-de-pantalla-2024-05-31-a-las-15.47.48-768x790.png 768w\" sizes=\"(max-width: 900px) 100vw, 900px\" \/><\/figure>\n<\/figure>\n<\/div>\n<\/div>\n<\/div>\n\n\n\n<div class=\"wp-block-buttons is-content-justification-center is-layout-flex wp-container-core-buttons-is-layout-a89b3969 wp-block-buttons-is-layout-flex\">\n<div class=\"wp-block-button\"><a class=\"wp-block-button__link has-raft-fg-alt-color has-text-color wp-element-button\" href=\"https:\/\/adriacubells.com\/index.php\/contacto\/\">Contacta&#8217;m<\/a><\/div>\n<\/div>\n<\/div>\n\n\n\n<figure class=\"wp-block-embed is-type-video is-provider-youtube wp-block-embed-youtube wp-embed-aspect-16-9 wp-has-aspect-ratio\"><div class=\"wp-block-embed__wrapper\">\n<iframe title=\"\u00bfA qu\u00e9 SUENA un VAN GOGH? - La sinestesia\" width=\"500\" height=\"281\" src=\"https:\/\/www.youtube.com\/embed\/u_FB8GNKybg?feature=oembed\" frameborder=\"0\" allow=\"accelerometer; autoplay; clipboard-write; encrypted-media; gyroscope; picture-in-picture; web-share\" referrerpolicy=\"strict-origin-when-cross-origin\" allowfullscreen><\/iframe>\n<\/div><\/figure>\n","protected":false},"excerpt":{"rendered":"<p>Descobreix un nou proc\u00e9s creatiu! Treballant&nbsp;les diferents&nbsp;sinest\u00e8sies, aconseguirem interpretar la m\u00fasica que sona d&#8217;un piano, per convertir-la en una obra d&#8217;art visual i \u00fanica. La din\u00e0mica va acompanyada d&#8217;un enregistrament on posteriorment podrem mirar&nbsp;l&#8217;obra&nbsp;d&#8217;art,&nbsp;mentre&nbsp;escoltem la pe\u00e7a sonora. Al principi del taller, farem una breu explicaci\u00f3 de com conectar el llenguatge sonor, i l&#8217;expressi\u00f3 art\u00edstica, tot [&hellip;]<\/p>\n","protected":false},"author":1,"featured_media":0,"parent":0,"menu_order":0,"comment_status":"closed","ping_status":"closed","template":"","meta":{"footnotes":""},"class_list":["post-113","page","type-page","status-publish","hentry"],"yoast_head":"<!-- This site is optimized with the Yoast SEO plugin v25.9 - https:\/\/yoast.com\/wordpress\/plugins\/seo\/ -->\n<title>Pinta la m\u00fasica - Adri Cubells<\/title>\n<meta name=\"robots\" content=\"index, follow, max-snippet:-1, max-image-preview:large, max-video-preview:-1\" \/>\n<link rel=\"canonical\" href=\"https:\/\/adriacubells.com\/index.php\/pinta-la-musica\/\" \/>\n<meta property=\"og:locale\" content=\"ca_ES\" \/>\n<meta property=\"og:type\" content=\"article\" \/>\n<meta property=\"og:title\" content=\"Pinta la m\u00fasica - Adri Cubells\" \/>\n<meta property=\"og:description\" content=\"Descobreix un nou proc\u00e9s creatiu! Treballant&nbsp;les diferents&nbsp;sinest\u00e8sies, aconseguirem interpretar la m\u00fasica que sona d&#8217;un piano, per convertir-la en una obra d&#8217;art visual i \u00fanica. La din\u00e0mica va acompanyada d&#8217;un enregistrament on posteriorment podrem mirar&nbsp;l&#8217;obra&nbsp;d&#8217;art,&nbsp;mentre&nbsp;escoltem la pe\u00e7a sonora. Al principi del taller, farem una breu explicaci\u00f3 de com conectar el llenguatge sonor, i l&#8217;expressi\u00f3 art\u00edstica, tot [&hellip;]\" \/>\n<meta property=\"og:url\" content=\"https:\/\/adriacubells.com\/index.php\/pinta-la-musica\/\" \/>\n<meta property=\"og:site_name\" content=\"Adri Cubells\" \/>\n<meta property=\"article:modified_time\" content=\"2025-01-07T09:02:20+00:00\" \/>\n<meta property=\"og:image\" content=\"https:\/\/adriacubells.com\/wp-content\/uploads\/2024\/05\/Captura-de-pantalla-2024-05-31-a-las-15.48.54.png\" \/>\n<meta name=\"twitter:card\" content=\"summary_large_image\" \/>\n<meta name=\"twitter:label1\" content=\"Temps estimat de lectura\" \/>\n\t<meta name=\"twitter:data1\" content=\"1 minut\" \/>\n<script type=\"application\/ld+json\" class=\"yoast-schema-graph\">{\"@context\":\"https:\/\/schema.org\",\"@graph\":[{\"@type\":\"WebPage\",\"@id\":\"https:\/\/adriacubells.com\/index.php\/pinta-la-musica\/\",\"url\":\"https:\/\/adriacubells.com\/index.php\/pinta-la-musica\/\",\"name\":\"Pinta la m\u00fasica - Adri Cubells\",\"isPartOf\":{\"@id\":\"https:\/\/adriacubells.com\/#website\"},\"primaryImageOfPage\":{\"@id\":\"https:\/\/adriacubells.com\/index.php\/pinta-la-musica\/#primaryimage\"},\"image\":{\"@id\":\"https:\/\/adriacubells.com\/index.php\/pinta-la-musica\/#primaryimage\"},\"thumbnailUrl\":\"https:\/\/adriacubells.com\/wp-content\/uploads\/2024\/05\/Captura-de-pantalla-2024-05-31-a-las-15.48.54.png\",\"datePublished\":\"2024-05-31T12:34:01+00:00\",\"dateModified\":\"2025-01-07T09:02:20+00:00\",\"breadcrumb\":{\"@id\":\"https:\/\/adriacubells.com\/index.php\/pinta-la-musica\/#breadcrumb\"},\"inLanguage\":\"ca\",\"potentialAction\":[{\"@type\":\"ReadAction\",\"target\":[\"https:\/\/adriacubells.com\/index.php\/pinta-la-musica\/\"]}]},{\"@type\":\"ImageObject\",\"inLanguage\":\"ca\",\"@id\":\"https:\/\/adriacubells.com\/index.php\/pinta-la-musica\/#primaryimage\",\"url\":\"https:\/\/adriacubells.com\/wp-content\/uploads\/2024\/05\/Captura-de-pantalla-2024-05-31-a-las-15.48.54.png\",\"contentUrl\":\"https:\/\/adriacubells.com\/wp-content\/uploads\/2024\/05\/Captura-de-pantalla-2024-05-31-a-las-15.48.54.png\",\"width\":874,\"height\":770},{\"@type\":\"BreadcrumbList\",\"@id\":\"https:\/\/adriacubells.com\/index.php\/pinta-la-musica\/#breadcrumb\",\"itemListElement\":[{\"@type\":\"ListItem\",\"position\":1,\"name\":\"Inici\",\"item\":\"https:\/\/adriacubells.com\/\"},{\"@type\":\"ListItem\",\"position\":2,\"name\":\"Pinta la m\u00fasica\"}]},{\"@type\":\"WebSite\",\"@id\":\"https:\/\/adriacubells.com\/#website\",\"url\":\"https:\/\/adriacubells.com\/\",\"name\":\"Adri Cubells\",\"description\":\"Educador musical\",\"potentialAction\":[{\"@type\":\"SearchAction\",\"target\":{\"@type\":\"EntryPoint\",\"urlTemplate\":\"https:\/\/adriacubells.com\/?s={search_term_string}\"},\"query-input\":{\"@type\":\"PropertyValueSpecification\",\"valueRequired\":true,\"valueName\":\"search_term_string\"}}],\"inLanguage\":\"ca\"}]}<\/script>\n<!-- \/ Yoast SEO plugin. -->","yoast_head_json":{"title":"Pinta la m\u00fasica - Adri Cubells","robots":{"index":"index","follow":"follow","max-snippet":"max-snippet:-1","max-image-preview":"max-image-preview:large","max-video-preview":"max-video-preview:-1"},"canonical":"https:\/\/adriacubells.com\/index.php\/pinta-la-musica\/","og_locale":"ca_ES","og_type":"article","og_title":"Pinta la m\u00fasica - Adri Cubells","og_description":"Descobreix un nou proc\u00e9s creatiu! Treballant&nbsp;les diferents&nbsp;sinest\u00e8sies, aconseguirem interpretar la m\u00fasica que sona d&#8217;un piano, per convertir-la en una obra d&#8217;art visual i \u00fanica. La din\u00e0mica va acompanyada d&#8217;un enregistrament on posteriorment podrem mirar&nbsp;l&#8217;obra&nbsp;d&#8217;art,&nbsp;mentre&nbsp;escoltem la pe\u00e7a sonora. Al principi del taller, farem una breu explicaci\u00f3 de com conectar el llenguatge sonor, i l&#8217;expressi\u00f3 art\u00edstica, tot [&hellip;]","og_url":"https:\/\/adriacubells.com\/index.php\/pinta-la-musica\/","og_site_name":"Adri Cubells","article_modified_time":"2025-01-07T09:02:20+00:00","og_image":[{"url":"https:\/\/adriacubells.com\/wp-content\/uploads\/2024\/05\/Captura-de-pantalla-2024-05-31-a-las-15.48.54.png","type":"","width":"","height":""}],"twitter_card":"summary_large_image","twitter_misc":{"Temps estimat de lectura":"1 minut"},"schema":{"@context":"https:\/\/schema.org","@graph":[{"@type":"WebPage","@id":"https:\/\/adriacubells.com\/index.php\/pinta-la-musica\/","url":"https:\/\/adriacubells.com\/index.php\/pinta-la-musica\/","name":"Pinta la m\u00fasica - Adri Cubells","isPartOf":{"@id":"https:\/\/adriacubells.com\/#website"},"primaryImageOfPage":{"@id":"https:\/\/adriacubells.com\/index.php\/pinta-la-musica\/#primaryimage"},"image":{"@id":"https:\/\/adriacubells.com\/index.php\/pinta-la-musica\/#primaryimage"},"thumbnailUrl":"https:\/\/adriacubells.com\/wp-content\/uploads\/2024\/05\/Captura-de-pantalla-2024-05-31-a-las-15.48.54.png","datePublished":"2024-05-31T12:34:01+00:00","dateModified":"2025-01-07T09:02:20+00:00","breadcrumb":{"@id":"https:\/\/adriacubells.com\/index.php\/pinta-la-musica\/#breadcrumb"},"inLanguage":"ca","potentialAction":[{"@type":"ReadAction","target":["https:\/\/adriacubells.com\/index.php\/pinta-la-musica\/"]}]},{"@type":"ImageObject","inLanguage":"ca","@id":"https:\/\/adriacubells.com\/index.php\/pinta-la-musica\/#primaryimage","url":"https:\/\/adriacubells.com\/wp-content\/uploads\/2024\/05\/Captura-de-pantalla-2024-05-31-a-las-15.48.54.png","contentUrl":"https:\/\/adriacubells.com\/wp-content\/uploads\/2024\/05\/Captura-de-pantalla-2024-05-31-a-las-15.48.54.png","width":874,"height":770},{"@type":"BreadcrumbList","@id":"https:\/\/adriacubells.com\/index.php\/pinta-la-musica\/#breadcrumb","itemListElement":[{"@type":"ListItem","position":1,"name":"Inici","item":"https:\/\/adriacubells.com\/"},{"@type":"ListItem","position":2,"name":"Pinta la m\u00fasica"}]},{"@type":"WebSite","@id":"https:\/\/adriacubells.com\/#website","url":"https:\/\/adriacubells.com\/","name":"Adri Cubells","description":"Educador musical","potentialAction":[{"@type":"SearchAction","target":{"@type":"EntryPoint","urlTemplate":"https:\/\/adriacubells.com\/?s={search_term_string}"},"query-input":{"@type":"PropertyValueSpecification","valueRequired":true,"valueName":"search_term_string"}}],"inLanguage":"ca"}]}},"_links":{"self":[{"href":"https:\/\/adriacubells.com\/index.php\/wp-json\/wp\/v2\/pages\/113","targetHints":{"allow":["GET"]}}],"collection":[{"href":"https:\/\/adriacubells.com\/index.php\/wp-json\/wp\/v2\/pages"}],"about":[{"href":"https:\/\/adriacubells.com\/index.php\/wp-json\/wp\/v2\/types\/page"}],"author":[{"embeddable":true,"href":"https:\/\/adriacubells.com\/index.php\/wp-json\/wp\/v2\/users\/1"}],"replies":[{"embeddable":true,"href":"https:\/\/adriacubells.com\/index.php\/wp-json\/wp\/v2\/comments?post=113"}],"version-history":[{"count":6,"href":"https:\/\/adriacubells.com\/index.php\/wp-json\/wp\/v2\/pages\/113\/revisions"}],"predecessor-version":[{"id":360,"href":"https:\/\/adriacubells.com\/index.php\/wp-json\/wp\/v2\/pages\/113\/revisions\/360"}],"wp:attachment":[{"href":"https:\/\/adriacubells.com\/index.php\/wp-json\/wp\/v2\/media?parent=113"}],"curies":[{"name":"wp","href":"https:\/\/api.w.org\/{rel}","templated":true}]}}