{"id":105,"date":"2024-05-31T12:31:56","date_gmt":"2024-05-31T12:31:56","guid":{"rendered":"https:\/\/adriacubells.com\/?page_id=105"},"modified":"2024-06-02T14:55:18","modified_gmt":"2024-06-02T14:55:18","slug":"ominira-va-a-lescola","status":"publish","type":"page","link":"https:\/\/adriacubells.com\/index.php\/ominira-va-a-lescola\/","title":{"rendered":"Ominira va a l&#8217;escola"},"content":{"rendered":"\n<div class=\"wp-block-group alignfull is-layout-constrained wp-container-core-group-is-layout-94e92a02 wp-block-group-is-layout-constrained\" style=\"margin-top:0;margin-bottom:0;padding-top:var(--wp--preset--spacing--80);padding-right:var(--wp--preset--spacing--40);padding-bottom:var(--wp--preset--spacing--80);padding-left:var(--wp--preset--spacing--40)\">\n<h2 class=\"wp-block-heading has-text-align-left\"><strong>Aquest servei \u00e9s ideal per a escoles que busquen integrar l\u2019educaci\u00f3 ambiental a traves de la m\u00fasica<\/strong><\/h2>\n\n\n\n<p>Avui \u00e9s un dia molt especial a la nostra escola, ja que tenim l\u2019honor de rebre la visita d\u2019un grup de m\u00fasica excepcional: Ominira. Aquest grup no nom\u00e9s destaca pel seu talent musical, sin\u00f3 tamb\u00e9 pel seu comprom\u00eds amb l\u2019ecologia i la protecci\u00f3 dels animals en perill d\u2019extinci\u00f3.<\/p>\n\n\n\n<p>Ominira ens ofereix una experi\u00e8ncia \u00fanica amb el seu projecte musicoambiental, educatiu, on cada can\u00e7\u00f3 \u00e9s una crida a la consci\u00e8ncia ambiental. A trav\u00e9s de les seves lletres inspiradores,i els seus ritmes participatius, ens conviden a reflexionar sobre la import\u00e0ncia de cuidar el nostre planeta i a actuar per preservar la biodiversitat. El seu repertori inclou can\u00e7ons dedicades a esp\u00e8cies amena\u00e7ades com la Cacat\u00faa Negra, la Orca Gladis i el Pez Napole\u00f3n, entre d&#8217;altres.<\/p>\n\n\n\n<p>A m\u00e9s de gaudir de la seva m\u00fasica ,les seves projeccions i la difusi\u00f3 conscient, tindrem l&#8217;oportunitat d&#8217;aprendre sobre les accions que podem prendre per ajudar a protegir aquests animals i els seus h\u00e0bitats. Les seves actuacions estan plenes d\u2019energia i passi\u00f3, i ens recorden que tots podem contribuir a un futur m\u00e9s verd i sostenible.<\/p>\n\n\n\n<p>Prepareu-vos per a un espectacle que us inspirar\u00e0 i us motivar\u00e0 a convertir-vos en cuidadors del nostre meravell\u00f3s planeta. Donem una c\u00e0lida benvinguda a Ominira!<\/p>\n\n\n\n<p>BIO OMINIRA<br><a href=\"https:\/\/www.casadelamusica.cat\/index.php\/fitxes-artistes\/353-ominira\">https:\/\/www.casadelamusica.cat\/index.php\/fitxes-artistes\/353-ominira<\/a><\/p>\n\n\n\n<p>VIDEO<\/p>\n\n\n\n<figure class=\"wp-block-embed is-type-video is-provider-youtube wp-block-embed-youtube wp-embed-aspect-16-9 wp-has-aspect-ratio\"><div class=\"wp-block-embed__wrapper\">\n<iframe title=\"OMINIRA - OMINIRA&#039;S CHANT (BalconyTV)\" width=\"500\" height=\"281\" src=\"https:\/\/www.youtube.com\/embed\/H7gfG0AX8h0?feature=oembed\" frameborder=\"0\" allow=\"accelerometer; autoplay; clipboard-write; encrypted-media; gyroscope; picture-in-picture; web-share\" referrerpolicy=\"strict-origin-when-cross-origin\" allowfullscreen><\/iframe>\n<\/div><\/figure>\n\n\n\n<div class=\"wp-block-group alignwide is-layout-flow wp-block-group-is-layout-flow\">\n<div class=\"wp-block-columns is-layout-flex wp-container-core-columns-is-layout-28f84493 wp-block-columns-is-layout-flex\">\n<div class=\"wp-block-column is-layout-flow wp-block-column-is-layout-flow\">\n<figure class=\"wp-block-gallery aligncenter has-nested-images columns-default wp-block-gallery-1 is-layout-flex wp-block-gallery-is-layout-flex\">\n<figure class=\"wp-block-image size-full\"><img fetchpriority=\"high\" decoding=\"async\" width=\"1032\" height=\"902\" data-id=\"148\" src=\"https:\/\/adriacubells.com\/wp-content\/uploads\/2024\/05\/Captura-de-pantalla-2024-05-28-a-las-14.29.40-1.png\" alt=\"\" class=\"wp-image-148\" srcset=\"https:\/\/adriacubells.com\/wp-content\/uploads\/2024\/05\/Captura-de-pantalla-2024-05-28-a-las-14.29.40-1.png 1032w, https:\/\/adriacubells.com\/wp-content\/uploads\/2024\/05\/Captura-de-pantalla-2024-05-28-a-las-14.29.40-1-300x262.png 300w, https:\/\/adriacubells.com\/wp-content\/uploads\/2024\/05\/Captura-de-pantalla-2024-05-28-a-las-14.29.40-1-1024x895.png 1024w, https:\/\/adriacubells.com\/wp-content\/uploads\/2024\/05\/Captura-de-pantalla-2024-05-28-a-las-14.29.40-1-768x671.png 768w\" sizes=\"(max-width: 1032px) 100vw, 1032px\" \/><\/figure>\n\n\n\n<figure class=\"wp-block-image size-full\"><img decoding=\"async\" width=\"1166\" height=\"824\" data-id=\"147\" src=\"https:\/\/adriacubells.com\/wp-content\/uploads\/2024\/05\/Captura-de-pantalla-2024-05-24-a-las-23.46.56.png\" alt=\"\" class=\"wp-image-147\" srcset=\"https:\/\/adriacubells.com\/wp-content\/uploads\/2024\/05\/Captura-de-pantalla-2024-05-24-a-las-23.46.56.png 1166w, https:\/\/adriacubells.com\/wp-content\/uploads\/2024\/05\/Captura-de-pantalla-2024-05-24-a-las-23.46.56-300x212.png 300w, https:\/\/adriacubells.com\/wp-content\/uploads\/2024\/05\/Captura-de-pantalla-2024-05-24-a-las-23.46.56-1024x724.png 1024w, https:\/\/adriacubells.com\/wp-content\/uploads\/2024\/05\/Captura-de-pantalla-2024-05-24-a-las-23.46.56-768x543.png 768w\" sizes=\"(max-width: 1166px) 100vw, 1166px\" \/><\/figure>\n\n\n\n<figure class=\"wp-block-image size-full\"><img decoding=\"async\" width=\"1318\" height=\"850\" data-id=\"143\" src=\"https:\/\/adriacubells.com\/wp-content\/uploads\/2024\/05\/Captura-de-pantalla-2024-05-31-a-las-15.39.36.png\" alt=\"\" class=\"wp-image-143\" srcset=\"https:\/\/adriacubells.com\/wp-content\/uploads\/2024\/05\/Captura-de-pantalla-2024-05-31-a-las-15.39.36.png 1318w, https:\/\/adriacubells.com\/wp-content\/uploads\/2024\/05\/Captura-de-pantalla-2024-05-31-a-las-15.39.36-300x193.png 300w, https:\/\/adriacubells.com\/wp-content\/uploads\/2024\/05\/Captura-de-pantalla-2024-05-31-a-las-15.39.36-1024x660.png 1024w, https:\/\/adriacubells.com\/wp-content\/uploads\/2024\/05\/Captura-de-pantalla-2024-05-31-a-las-15.39.36-768x495.png 768w\" sizes=\"(max-width: 1318px) 100vw, 1318px\" \/><\/figure>\n<\/figure>\n<\/div>\n<\/div>\n<\/div>\n\n\n\n<div class=\"wp-block-buttons is-content-justification-center is-layout-flex wp-container-core-buttons-is-layout-a89b3969 wp-block-buttons-is-layout-flex\">\n<div class=\"wp-block-button\"><a class=\"wp-block-button__link has-raft-fg-alt-color has-text-color wp-element-button\" href=\"https:\/\/adriacubells.com\/index.php\/contacto\/\">Contacta&#8217;m<\/a><\/div>\n<\/div>\n<\/div>\n","protected":false},"excerpt":{"rendered":"<p>Aquest servei \u00e9s ideal per a escoles que busquen integrar l\u2019educaci\u00f3 ambiental a traves de la m\u00fasica Avui \u00e9s un dia molt especial a la nostra escola, ja que tenim l\u2019honor de rebre la visita d\u2019un grup de m\u00fasica excepcional: Ominira. Aquest grup no nom\u00e9s destaca pel seu talent musical, sin\u00f3 tamb\u00e9 pel seu comprom\u00eds [&hellip;]<\/p>\n","protected":false},"author":1,"featured_media":0,"parent":0,"menu_order":0,"comment_status":"closed","ping_status":"closed","template":"","meta":{"footnotes":""},"class_list":["post-105","page","type-page","status-publish","hentry"],"yoast_head":"<!-- This site is optimized with the Yoast SEO plugin v25.9 - https:\/\/yoast.com\/wordpress\/plugins\/seo\/ -->\n<title>Ominira va a l&#039;escola - Adri Cubells<\/title>\n<meta name=\"robots\" content=\"index, follow, max-snippet:-1, max-image-preview:large, max-video-preview:-1\" \/>\n<link rel=\"canonical\" href=\"https:\/\/adriacubells.com\/index.php\/ominira-va-a-lescola\/\" \/>\n<meta property=\"og:locale\" content=\"ca_ES\" \/>\n<meta property=\"og:type\" content=\"article\" \/>\n<meta property=\"og:title\" content=\"Ominira va a l&#039;escola - Adri Cubells\" \/>\n<meta property=\"og:description\" content=\"Aquest servei \u00e9s ideal per a escoles que busquen integrar l\u2019educaci\u00f3 ambiental a traves de la m\u00fasica Avui \u00e9s un dia molt especial a la nostra escola, ja que tenim l\u2019honor de rebre la visita d\u2019un grup de m\u00fasica excepcional: Ominira. Aquest grup no nom\u00e9s destaca pel seu talent musical, sin\u00f3 tamb\u00e9 pel seu comprom\u00eds [&hellip;]\" \/>\n<meta property=\"og:url\" content=\"https:\/\/adriacubells.com\/index.php\/ominira-va-a-lescola\/\" \/>\n<meta property=\"og:site_name\" content=\"Adri Cubells\" \/>\n<meta property=\"article:modified_time\" content=\"2024-06-02T14:55:18+00:00\" \/>\n<meta property=\"og:image\" content=\"https:\/\/adriacubells.com\/wp-content\/uploads\/2024\/05\/Captura-de-pantalla-2024-05-28-a-las-14.29.40-1.png\" \/>\n<meta name=\"twitter:card\" content=\"summary_large_image\" \/>\n<meta name=\"twitter:label1\" content=\"Temps estimat de lectura\" \/>\n\t<meta name=\"twitter:data1\" content=\"1 minut\" \/>\n<script type=\"application\/ld+json\" class=\"yoast-schema-graph\">{\"@context\":\"https:\/\/schema.org\",\"@graph\":[{\"@type\":\"WebPage\",\"@id\":\"https:\/\/adriacubells.com\/index.php\/ominira-va-a-lescola\/\",\"url\":\"https:\/\/adriacubells.com\/index.php\/ominira-va-a-lescola\/\",\"name\":\"Ominira va a l'escola - Adri Cubells\",\"isPartOf\":{\"@id\":\"https:\/\/adriacubells.com\/#website\"},\"primaryImageOfPage\":{\"@id\":\"https:\/\/adriacubells.com\/index.php\/ominira-va-a-lescola\/#primaryimage\"},\"image\":{\"@id\":\"https:\/\/adriacubells.com\/index.php\/ominira-va-a-lescola\/#primaryimage\"},\"thumbnailUrl\":\"https:\/\/adriacubells.com\/wp-content\/uploads\/2024\/05\/Captura-de-pantalla-2024-05-28-a-las-14.29.40-1.png\",\"datePublished\":\"2024-05-31T12:31:56+00:00\",\"dateModified\":\"2024-06-02T14:55:18+00:00\",\"breadcrumb\":{\"@id\":\"https:\/\/adriacubells.com\/index.php\/ominira-va-a-lescola\/#breadcrumb\"},\"inLanguage\":\"ca\",\"potentialAction\":[{\"@type\":\"ReadAction\",\"target\":[\"https:\/\/adriacubells.com\/index.php\/ominira-va-a-lescola\/\"]}]},{\"@type\":\"ImageObject\",\"inLanguage\":\"ca\",\"@id\":\"https:\/\/adriacubells.com\/index.php\/ominira-va-a-lescola\/#primaryimage\",\"url\":\"https:\/\/adriacubells.com\/wp-content\/uploads\/2024\/05\/Captura-de-pantalla-2024-05-28-a-las-14.29.40-1.png\",\"contentUrl\":\"https:\/\/adriacubells.com\/wp-content\/uploads\/2024\/05\/Captura-de-pantalla-2024-05-28-a-las-14.29.40-1.png\",\"width\":1032,\"height\":902},{\"@type\":\"BreadcrumbList\",\"@id\":\"https:\/\/adriacubells.com\/index.php\/ominira-va-a-lescola\/#breadcrumb\",\"itemListElement\":[{\"@type\":\"ListItem\",\"position\":1,\"name\":\"Inici\",\"item\":\"https:\/\/adriacubells.com\/\"},{\"@type\":\"ListItem\",\"position\":2,\"name\":\"Ominira va a l&#8217;escola\"}]},{\"@type\":\"WebSite\",\"@id\":\"https:\/\/adriacubells.com\/#website\",\"url\":\"https:\/\/adriacubells.com\/\",\"name\":\"Adri Cubells\",\"description\":\"Educador musical\",\"potentialAction\":[{\"@type\":\"SearchAction\",\"target\":{\"@type\":\"EntryPoint\",\"urlTemplate\":\"https:\/\/adriacubells.com\/?s={search_term_string}\"},\"query-input\":{\"@type\":\"PropertyValueSpecification\",\"valueRequired\":true,\"valueName\":\"search_term_string\"}}],\"inLanguage\":\"ca\"}]}<\/script>\n<!-- \/ Yoast SEO plugin. -->","yoast_head_json":{"title":"Ominira va a l'escola - Adri Cubells","robots":{"index":"index","follow":"follow","max-snippet":"max-snippet:-1","max-image-preview":"max-image-preview:large","max-video-preview":"max-video-preview:-1"},"canonical":"https:\/\/adriacubells.com\/index.php\/ominira-va-a-lescola\/","og_locale":"ca_ES","og_type":"article","og_title":"Ominira va a l'escola - Adri Cubells","og_description":"Aquest servei \u00e9s ideal per a escoles que busquen integrar l\u2019educaci\u00f3 ambiental a traves de la m\u00fasica Avui \u00e9s un dia molt especial a la nostra escola, ja que tenim l\u2019honor de rebre la visita d\u2019un grup de m\u00fasica excepcional: Ominira. Aquest grup no nom\u00e9s destaca pel seu talent musical, sin\u00f3 tamb\u00e9 pel seu comprom\u00eds [&hellip;]","og_url":"https:\/\/adriacubells.com\/index.php\/ominira-va-a-lescola\/","og_site_name":"Adri Cubells","article_modified_time":"2024-06-02T14:55:18+00:00","og_image":[{"url":"https:\/\/adriacubells.com\/wp-content\/uploads\/2024\/05\/Captura-de-pantalla-2024-05-28-a-las-14.29.40-1.png","type":"","width":"","height":""}],"twitter_card":"summary_large_image","twitter_misc":{"Temps estimat de lectura":"1 minut"},"schema":{"@context":"https:\/\/schema.org","@graph":[{"@type":"WebPage","@id":"https:\/\/adriacubells.com\/index.php\/ominira-va-a-lescola\/","url":"https:\/\/adriacubells.com\/index.php\/ominira-va-a-lescola\/","name":"Ominira va a l'escola - Adri Cubells","isPartOf":{"@id":"https:\/\/adriacubells.com\/#website"},"primaryImageOfPage":{"@id":"https:\/\/adriacubells.com\/index.php\/ominira-va-a-lescola\/#primaryimage"},"image":{"@id":"https:\/\/adriacubells.com\/index.php\/ominira-va-a-lescola\/#primaryimage"},"thumbnailUrl":"https:\/\/adriacubells.com\/wp-content\/uploads\/2024\/05\/Captura-de-pantalla-2024-05-28-a-las-14.29.40-1.png","datePublished":"2024-05-31T12:31:56+00:00","dateModified":"2024-06-02T14:55:18+00:00","breadcrumb":{"@id":"https:\/\/adriacubells.com\/index.php\/ominira-va-a-lescola\/#breadcrumb"},"inLanguage":"ca","potentialAction":[{"@type":"ReadAction","target":["https:\/\/adriacubells.com\/index.php\/ominira-va-a-lescola\/"]}]},{"@type":"ImageObject","inLanguage":"ca","@id":"https:\/\/adriacubells.com\/index.php\/ominira-va-a-lescola\/#primaryimage","url":"https:\/\/adriacubells.com\/wp-content\/uploads\/2024\/05\/Captura-de-pantalla-2024-05-28-a-las-14.29.40-1.png","contentUrl":"https:\/\/adriacubells.com\/wp-content\/uploads\/2024\/05\/Captura-de-pantalla-2024-05-28-a-las-14.29.40-1.png","width":1032,"height":902},{"@type":"BreadcrumbList","@id":"https:\/\/adriacubells.com\/index.php\/ominira-va-a-lescola\/#breadcrumb","itemListElement":[{"@type":"ListItem","position":1,"name":"Inici","item":"https:\/\/adriacubells.com\/"},{"@type":"ListItem","position":2,"name":"Ominira va a l&#8217;escola"}]},{"@type":"WebSite","@id":"https:\/\/adriacubells.com\/#website","url":"https:\/\/adriacubells.com\/","name":"Adri Cubells","description":"Educador musical","potentialAction":[{"@type":"SearchAction","target":{"@type":"EntryPoint","urlTemplate":"https:\/\/adriacubells.com\/?s={search_term_string}"},"query-input":{"@type":"PropertyValueSpecification","valueRequired":true,"valueName":"search_term_string"}}],"inLanguage":"ca"}]}},"_links":{"self":[{"href":"https:\/\/adriacubells.com\/index.php\/wp-json\/wp\/v2\/pages\/105","targetHints":{"allow":["GET"]}}],"collection":[{"href":"https:\/\/adriacubells.com\/index.php\/wp-json\/wp\/v2\/pages"}],"about":[{"href":"https:\/\/adriacubells.com\/index.php\/wp-json\/wp\/v2\/types\/page"}],"author":[{"embeddable":true,"href":"https:\/\/adriacubells.com\/index.php\/wp-json\/wp\/v2\/users\/1"}],"replies":[{"embeddable":true,"href":"https:\/\/adriacubells.com\/index.php\/wp-json\/wp\/v2\/comments?post=105"}],"version-history":[{"count":3,"href":"https:\/\/adriacubells.com\/index.php\/wp-json\/wp\/v2\/pages\/105\/revisions"}],"predecessor-version":[{"id":303,"href":"https:\/\/adriacubells.com\/index.php\/wp-json\/wp\/v2\/pages\/105\/revisions\/303"}],"wp:attachment":[{"href":"https:\/\/adriacubells.com\/index.php\/wp-json\/wp\/v2\/media?parent=105"}],"curies":[{"name":"wp","href":"https:\/\/api.w.org\/{rel}","templated":true}]}}