{"id":101,"date":"2024-05-31T12:30:00","date_gmt":"2024-05-31T12:30:00","guid":{"rendered":"https:\/\/adriacubells.com\/?page_id=101"},"modified":"2025-01-16T10:22:38","modified_gmt":"2025-01-16T10:22:38","slug":"taller-de-batucada","status":"publish","type":"page","link":"https:\/\/adriacubells.com\/index.php\/taller-de-batucada\/","title":{"rendered":"Taller de batucada"},"content":{"rendered":"\n<div class=\"wp-block-group alignfull is-layout-constrained wp-container-core-group-is-layout-94e92a02 wp-block-group-is-layout-constrained\" style=\"margin-top:0;margin-bottom:0;padding-top:var(--wp--preset--spacing--80);padding-right:var(--wp--preset--spacing--40);padding-bottom:var(--wp--preset--spacing--80);padding-left:var(--wp--preset--spacing--40)\">\n<h2 class=\"wp-block-heading has-text-align-left\">Apr\u00e8n a sonar en grup!<\/h2>\n\n\n\n<p class=\"has-text-align-left\">Oferim una experi\u00e8ncia musical din\u00e0mica i educativa per a joves i adults, centrada en ritmes africans i llatins. Aprendrem a llegir figures r\u00edtmiques i a tocar els instruments de percusi\u00f3 ambb plena consci\u00e8ncia. Destinat per a escoles i empreses.<\/p>\n\n\n\n<p>Duraci\u00f3 taller: 1h<\/p>\n\n\n\n<div class=\"wp-block-group alignwide is-layout-flow wp-block-group-is-layout-flow\">\n<div class=\"wp-block-columns is-layout-flex wp-container-core-columns-is-layout-28f84493 wp-block-columns-is-layout-flex\">\n<div class=\"wp-block-column is-layout-flow wp-block-column-is-layout-flow\">\n<figure class=\"wp-block-gallery aligncenter has-nested-images columns-default wp-block-gallery-1 is-layout-flex wp-block-gallery-is-layout-flex\">\n<figure class=\"wp-block-image size-full\"><img fetchpriority=\"high\" decoding=\"async\" width=\"610\" height=\"343\" data-id=\"159\" src=\"https:\/\/adriacubells.com\/wp-content\/uploads\/2024\/05\/Proyecto-nuevo-copia-4-1-edited.jpg\" alt=\"\" class=\"wp-image-159\" srcset=\"https:\/\/adriacubells.com\/wp-content\/uploads\/2024\/05\/Proyecto-nuevo-copia-4-1-edited.jpg 610w, https:\/\/adriacubells.com\/wp-content\/uploads\/2024\/05\/Proyecto-nuevo-copia-4-1-edited-300x169.jpg 300w\" sizes=\"(max-width: 610px) 100vw, 610px\" \/><\/figure>\n<\/figure>\n<\/div>\n<\/div>\n<\/div>\n\n\n\n<div class=\"wp-block-buttons is-content-justification-center is-layout-flex wp-container-core-buttons-is-layout-a89b3969 wp-block-buttons-is-layout-flex\">\n<div class=\"wp-block-button\"><a class=\"wp-block-button__link has-raft-fg-alt-color has-text-color wp-element-button\" href=\"https:\/\/adriacubells.com\/index.php\/contacto\/\">Contacta&#8217;m<\/a><\/div>\n<\/div>\n<\/div>\n\n\n\n<div class=\"wp-block-buttons is-content-justification-center is-layout-flex wp-container-core-buttons-is-layout-a89b3969 wp-block-buttons-is-layout-flex\">\n<div class=\"wp-block-button\"><a class=\"wp-block-button__link has-text-align-center wp-element-button\" href=\"https:\/\/www.instagram.com\/stories\/highlights\/17915397112343728\" target=\"_blank\" rel=\"noreferrer noopener\">Videos de les classes al meu instagram<\/a><\/div>\n<\/div>\n\n\n\n<p><\/p>\n","protected":false},"excerpt":{"rendered":"<p>Apr\u00e8n a sonar en grup! Oferim una experi\u00e8ncia musical din\u00e0mica i educativa per a joves i adults, centrada en ritmes africans i llatins. Aprendrem a llegir figures r\u00edtmiques i a tocar els instruments de percusi\u00f3 ambb plena consci\u00e8ncia. Destinat per a escoles i empreses. Duraci\u00f3 taller: 1h<\/p>\n","protected":false},"author":1,"featured_media":0,"parent":0,"menu_order":0,"comment_status":"closed","ping_status":"closed","template":"","meta":{"footnotes":""},"class_list":["post-101","page","type-page","status-publish","hentry"],"yoast_head":"<!-- This site is optimized with the Yoast SEO plugin v25.9 - https:\/\/yoast.com\/wordpress\/plugins\/seo\/ -->\n<title>Taller de batucada - Adri Cubells<\/title>\n<meta name=\"robots\" content=\"index, follow, max-snippet:-1, max-image-preview:large, max-video-preview:-1\" \/>\n<link rel=\"canonical\" href=\"https:\/\/adriacubells.com\/index.php\/taller-de-batucada\/\" \/>\n<meta property=\"og:locale\" content=\"ca_ES\" \/>\n<meta property=\"og:type\" content=\"article\" \/>\n<meta property=\"og:title\" content=\"Taller de batucada - Adri Cubells\" \/>\n<meta property=\"og:description\" content=\"Apr\u00e8n a sonar en grup! Oferim una experi\u00e8ncia musical din\u00e0mica i educativa per a joves i adults, centrada en ritmes africans i llatins. Aprendrem a llegir figures r\u00edtmiques i a tocar els instruments de percusi\u00f3 ambb plena consci\u00e8ncia. Destinat per a escoles i empreses. Duraci\u00f3 taller: 1h\" \/>\n<meta property=\"og:url\" content=\"https:\/\/adriacubells.com\/index.php\/taller-de-batucada\/\" \/>\n<meta property=\"og:site_name\" content=\"Adri Cubells\" \/>\n<meta property=\"article:modified_time\" content=\"2025-01-16T10:22:38+00:00\" \/>\n<meta property=\"og:image\" content=\"https:\/\/adriacubells.com\/wp-content\/uploads\/2024\/05\/Proyecto-nuevo-copia-4-1-edited.jpg\" \/>\n<meta name=\"twitter:card\" content=\"summary_large_image\" \/>\n<script type=\"application\/ld+json\" class=\"yoast-schema-graph\">{\"@context\":\"https:\/\/schema.org\",\"@graph\":[{\"@type\":\"WebPage\",\"@id\":\"https:\/\/adriacubells.com\/index.php\/taller-de-batucada\/\",\"url\":\"https:\/\/adriacubells.com\/index.php\/taller-de-batucada\/\",\"name\":\"Taller de batucada - Adri Cubells\",\"isPartOf\":{\"@id\":\"https:\/\/adriacubells.com\/#website\"},\"primaryImageOfPage\":{\"@id\":\"https:\/\/adriacubells.com\/index.php\/taller-de-batucada\/#primaryimage\"},\"image\":{\"@id\":\"https:\/\/adriacubells.com\/index.php\/taller-de-batucada\/#primaryimage\"},\"thumbnailUrl\":\"https:\/\/adriacubells.com\/wp-content\/uploads\/2024\/05\/Proyecto-nuevo-copia-4-1-edited.jpg\",\"datePublished\":\"2024-05-31T12:30:00+00:00\",\"dateModified\":\"2025-01-16T10:22:38+00:00\",\"breadcrumb\":{\"@id\":\"https:\/\/adriacubells.com\/index.php\/taller-de-batucada\/#breadcrumb\"},\"inLanguage\":\"ca\",\"potentialAction\":[{\"@type\":\"ReadAction\",\"target\":[\"https:\/\/adriacubells.com\/index.php\/taller-de-batucada\/\"]}]},{\"@type\":\"ImageObject\",\"inLanguage\":\"ca\",\"@id\":\"https:\/\/adriacubells.com\/index.php\/taller-de-batucada\/#primaryimage\",\"url\":\"https:\/\/adriacubells.com\/wp-content\/uploads\/2024\/05\/Proyecto-nuevo-copia-4-1-edited.jpg\",\"contentUrl\":\"https:\/\/adriacubells.com\/wp-content\/uploads\/2024\/05\/Proyecto-nuevo-copia-4-1-edited.jpg\",\"width\":610,\"height\":343},{\"@type\":\"BreadcrumbList\",\"@id\":\"https:\/\/adriacubells.com\/index.php\/taller-de-batucada\/#breadcrumb\",\"itemListElement\":[{\"@type\":\"ListItem\",\"position\":1,\"name\":\"Inici\",\"item\":\"https:\/\/adriacubells.com\/\"},{\"@type\":\"ListItem\",\"position\":2,\"name\":\"Taller de batucada\"}]},{\"@type\":\"WebSite\",\"@id\":\"https:\/\/adriacubells.com\/#website\",\"url\":\"https:\/\/adriacubells.com\/\",\"name\":\"Adri Cubells\",\"description\":\"Educador musical\",\"potentialAction\":[{\"@type\":\"SearchAction\",\"target\":{\"@type\":\"EntryPoint\",\"urlTemplate\":\"https:\/\/adriacubells.com\/?s={search_term_string}\"},\"query-input\":{\"@type\":\"PropertyValueSpecification\",\"valueRequired\":true,\"valueName\":\"search_term_string\"}}],\"inLanguage\":\"ca\"}]}<\/script>\n<!-- \/ Yoast SEO plugin. -->","yoast_head_json":{"title":"Taller de batucada - Adri Cubells","robots":{"index":"index","follow":"follow","max-snippet":"max-snippet:-1","max-image-preview":"max-image-preview:large","max-video-preview":"max-video-preview:-1"},"canonical":"https:\/\/adriacubells.com\/index.php\/taller-de-batucada\/","og_locale":"ca_ES","og_type":"article","og_title":"Taller de batucada - Adri Cubells","og_description":"Apr\u00e8n a sonar en grup! Oferim una experi\u00e8ncia musical din\u00e0mica i educativa per a joves i adults, centrada en ritmes africans i llatins. Aprendrem a llegir figures r\u00edtmiques i a tocar els instruments de percusi\u00f3 ambb plena consci\u00e8ncia. Destinat per a escoles i empreses. Duraci\u00f3 taller: 1h","og_url":"https:\/\/adriacubells.com\/index.php\/taller-de-batucada\/","og_site_name":"Adri Cubells","article_modified_time":"2025-01-16T10:22:38+00:00","og_image":[{"url":"https:\/\/adriacubells.com\/wp-content\/uploads\/2024\/05\/Proyecto-nuevo-copia-4-1-edited.jpg","type":"","width":"","height":""}],"twitter_card":"summary_large_image","schema":{"@context":"https:\/\/schema.org","@graph":[{"@type":"WebPage","@id":"https:\/\/adriacubells.com\/index.php\/taller-de-batucada\/","url":"https:\/\/adriacubells.com\/index.php\/taller-de-batucada\/","name":"Taller de batucada - Adri Cubells","isPartOf":{"@id":"https:\/\/adriacubells.com\/#website"},"primaryImageOfPage":{"@id":"https:\/\/adriacubells.com\/index.php\/taller-de-batucada\/#primaryimage"},"image":{"@id":"https:\/\/adriacubells.com\/index.php\/taller-de-batucada\/#primaryimage"},"thumbnailUrl":"https:\/\/adriacubells.com\/wp-content\/uploads\/2024\/05\/Proyecto-nuevo-copia-4-1-edited.jpg","datePublished":"2024-05-31T12:30:00+00:00","dateModified":"2025-01-16T10:22:38+00:00","breadcrumb":{"@id":"https:\/\/adriacubells.com\/index.php\/taller-de-batucada\/#breadcrumb"},"inLanguage":"ca","potentialAction":[{"@type":"ReadAction","target":["https:\/\/adriacubells.com\/index.php\/taller-de-batucada\/"]}]},{"@type":"ImageObject","inLanguage":"ca","@id":"https:\/\/adriacubells.com\/index.php\/taller-de-batucada\/#primaryimage","url":"https:\/\/adriacubells.com\/wp-content\/uploads\/2024\/05\/Proyecto-nuevo-copia-4-1-edited.jpg","contentUrl":"https:\/\/adriacubells.com\/wp-content\/uploads\/2024\/05\/Proyecto-nuevo-copia-4-1-edited.jpg","width":610,"height":343},{"@type":"BreadcrumbList","@id":"https:\/\/adriacubells.com\/index.php\/taller-de-batucada\/#breadcrumb","itemListElement":[{"@type":"ListItem","position":1,"name":"Inici","item":"https:\/\/adriacubells.com\/"},{"@type":"ListItem","position":2,"name":"Taller de batucada"}]},{"@type":"WebSite","@id":"https:\/\/adriacubells.com\/#website","url":"https:\/\/adriacubells.com\/","name":"Adri Cubells","description":"Educador musical","potentialAction":[{"@type":"SearchAction","target":{"@type":"EntryPoint","urlTemplate":"https:\/\/adriacubells.com\/?s={search_term_string}"},"query-input":{"@type":"PropertyValueSpecification","valueRequired":true,"valueName":"search_term_string"}}],"inLanguage":"ca"}]}},"_links":{"self":[{"href":"https:\/\/adriacubells.com\/index.php\/wp-json\/wp\/v2\/pages\/101","targetHints":{"allow":["GET"]}}],"collection":[{"href":"https:\/\/adriacubells.com\/index.php\/wp-json\/wp\/v2\/pages"}],"about":[{"href":"https:\/\/adriacubells.com\/index.php\/wp-json\/wp\/v2\/types\/page"}],"author":[{"embeddable":true,"href":"https:\/\/adriacubells.com\/index.php\/wp-json\/wp\/v2\/users\/1"}],"replies":[{"embeddable":true,"href":"https:\/\/adriacubells.com\/index.php\/wp-json\/wp\/v2\/comments?post=101"}],"version-history":[{"count":4,"href":"https:\/\/adriacubells.com\/index.php\/wp-json\/wp\/v2\/pages\/101\/revisions"}],"predecessor-version":[{"id":371,"href":"https:\/\/adriacubells.com\/index.php\/wp-json\/wp\/v2\/pages\/101\/revisions\/371"}],"wp:attachment":[{"href":"https:\/\/adriacubells.com\/index.php\/wp-json\/wp\/v2\/media?parent=101"}],"curies":[{"name":"wp","href":"https:\/\/api.w.org\/{rel}","templated":true}]}}